{"id":940,"date":"2020-12-02T17:31:46","date_gmt":"2020-12-02T20:31:46","guid":{"rendered":"https:\/\/alineacomunicacao.com.br\/valencaquimica\/?post_type=product&#038;p=940"},"modified":"2023-12-10T15:57:04","modified_gmt":"2023-12-10T18:57:04","slug":"sabao-para-roupas-coco-5l","status":"publish","type":"product","link":"https:\/\/projetos.alineacomunicacao.com.br\/valencaquimica\/produto\/sabao-para-roupas-coco-5l\/","title":{"rendered":"Sab\u00e3o para Roupas Coco 5L"},"content":{"rendered":"","protected":false},"excerpt":{"rendered":"<p>Descri\u00e7\u00e3o do produto<br \/>\nSab\u00e3o l\u00edquido para roupas no formato pronto para uso, para limpeza completa de todo tipo de tecido, roupas e limpeza geral.<\/p>\n<p>Modo de usar<br \/>\nPor se tratar de um produto pronto pra uso, n\u00e3o deve ser feita uma dilui\u00e7\u00e3o (acrescentar \u00e1gua) previa. Aplique 100 ml de Sab\u00e3o l\u00edquido para roupas na m\u00e1quina ou no tanque, agite at\u00e9 dissolver bem e deixe as roupas de molho. Enx\u00e1gue normalmente deixando completar o ciclo da m\u00e1quina. Nunca despeje o produto diretamente sobre as roupas. Dissolva em \u00e1gua limpa e siga as instru\u00e7\u00f5es da lavagem nas etiquetas.<\/p>\n","protected":false},"featured_media":2771,"template":"","meta":[],"product_cat":[23],"product_tag":[],"yoast_head":"<!-- This site is optimized with the Yoast SEO plugin v22.0 - https:\/\/yoast.com\/wordpress\/plugins\/seo\/ -->\n<title>Sab\u00e3o para Roupas Coco 5L - Valen\u00e7a Qu\u00edmica<\/title>\n<meta name=\"robots\" content=\"index, follow, max-snippet:-1, max-image-preview:large, max-video-preview:-1\" \/>\n<link rel=\"canonical\" href=\"https:\/\/projetos.alineacomunicacao.com.br\/valencaquimica\/produto\/sabao-para-roupas-coco-5l\/\" \/>\n<meta property=\"og:locale\" content=\"pt_BR\" \/>\n<meta property=\"og:type\" content=\"article\" \/>\n<meta property=\"og:title\" content=\"Sab\u00e3o para Roupas Coco 5L - Valen\u00e7a Qu\u00edmica\" \/>\n<meta property=\"og:description\" content=\"Descri\u00e7\u00e3o do produto Sab\u00e3o l\u00edquido para roupas no formato pronto para uso, para limpeza completa de todo tipo de tecido, roupas e limpeza geral.  Modo de usar Por se tratar de um produto pronto pra uso, n\u00e3o deve ser feita uma dilui\u00e7\u00e3o (acrescentar \u00e1gua) previa. Aplique 100 ml de Sab\u00e3o l\u00edquido para roupas na m\u00e1quina ou no tanque, agite at\u00e9 dissolver bem e deixe as roupas de molho. Enx\u00e1gue normalmente deixando completar o ciclo da m\u00e1quina. Nunca despeje o produto diretamente sobre as roupas. Dissolva em \u00e1gua limpa e siga as instru\u00e7\u00f5es da lavagem nas etiquetas.\" \/>\n<meta property=\"og:url\" content=\"https:\/\/projetos.alineacomunicacao.com.br\/valencaquimica\/produto\/sabao-para-roupas-coco-5l\/\" \/>\n<meta property=\"og:site_name\" content=\"Valen\u00e7a Qu\u00edmica\" \/>\n<meta property=\"article:modified_time\" content=\"2023-12-10T18:57:04+00:00\" \/>\n<meta property=\"og:image\" content=\"https:\/\/projetos.alineacomunicacao.com.br\/valencaquimica\/wp-content\/uploads\/2020\/12\/sabao-para-roupa-coco-5l.png\" \/>\n\t<meta property=\"og:image:width\" content=\"400\" \/>\n\t<meta property=\"og:image:height\" content=\"400\" \/>\n\t<meta property=\"og:image:type\" content=\"image\/png\" \/>\n<meta name=\"twitter:card\" content=\"summary_large_image\" \/>\n<script type=\"application\/ld+json\" class=\"yoast-schema-graph\">{\"@context\":\"https:\/\/schema.org\",\"@graph\":[{\"@type\":\"WebPage\",\"@id\":\"https:\/\/projetos.alineacomunicacao.com.br\/valencaquimica\/produto\/sabao-para-roupas-coco-5l\/\",\"url\":\"https:\/\/projetos.alineacomunicacao.com.br\/valencaquimica\/produto\/sabao-para-roupas-coco-5l\/\",\"name\":\"Sab\u00e3o para Roupas Coco 5L - Valen\u00e7a Qu\u00edmica\",\"isPartOf\":{\"@id\":\"https:\/\/projetos.alineacomunicacao.com.br\/valencaquimica\/#website\"},\"datePublished\":\"2020-12-02T20:31:46+00:00\",\"dateModified\":\"2023-12-10T18:57:04+00:00\",\"breadcrumb\":{\"@id\":\"https:\/\/projetos.alineacomunicacao.com.br\/valencaquimica\/produto\/sabao-para-roupas-coco-5l\/#breadcrumb\"},\"inLanguage\":\"pt-BR\",\"potentialAction\":[{\"@type\":\"ReadAction\",\"target\":[\"https:\/\/projetos.alineacomunicacao.com.br\/valencaquimica\/produto\/sabao-para-roupas-coco-5l\/\"]}]},{\"@type\":\"BreadcrumbList\",\"@id\":\"https:\/\/projetos.alineacomunicacao.com.br\/valencaquimica\/produto\/sabao-para-roupas-coco-5l\/#breadcrumb\",\"itemListElement\":[{\"@type\":\"ListItem\",\"position\":1,\"name\":\"In\u00edcio\",\"item\":\"https:\/\/projetos.alineacomunicacao.com.br\/valencaquimica\/\"},{\"@type\":\"ListItem\",\"position\":2,\"name\":\"Produtos\",\"item\":\"https:\/\/projetos.alineacomunicacao.com.br\/valencaquimica\/shop\/\"},{\"@type\":\"ListItem\",\"position\":3,\"name\":\"Sab\u00e3o para Roupas Coco 5L\"}]},{\"@type\":\"WebSite\",\"@id\":\"https:\/\/projetos.alineacomunicacao.com.br\/valencaquimica\/#website\",\"url\":\"https:\/\/projetos.alineacomunicacao.com.br\/valencaquimica\/\",\"name\":\"Valen\u00e7a Qu\u00edmica\",\"description\":\"Ind\u00fastria Qu\u00edmica em Recife\",\"publisher\":{\"@id\":\"https:\/\/projetos.alineacomunicacao.com.br\/valencaquimica\/#organization\"},\"potentialAction\":[{\"@type\":\"SearchAction\",\"target\":{\"@type\":\"EntryPoint\",\"urlTemplate\":\"https:\/\/projetos.alineacomunicacao.com.br\/valencaquimica\/?s={search_term_string}\"},\"query-input\":\"required name=search_term_string\"}],\"inLanguage\":\"pt-BR\"},{\"@type\":\"Organization\",\"@id\":\"https:\/\/projetos.alineacomunicacao.com.br\/valencaquimica\/#organization\",\"name\":\"Valen\u00e7a Qu\u00edmica\",\"url\":\"https:\/\/projetos.alineacomunicacao.com.br\/valencaquimica\/\",\"logo\":{\"@type\":\"ImageObject\",\"inLanguage\":\"pt-BR\",\"@id\":\"https:\/\/projetos.alineacomunicacao.com.br\/valencaquimica\/#\/schema\/logo\/image\/\",\"url\":\"https:\/\/projetos.alineacomunicacao.com.br\/valencaquimica\/wp-content\/uploads\/2020\/08\/LOGO-3D-VALENCA_1.png\",\"contentUrl\":\"https:\/\/projetos.alineacomunicacao.com.br\/valencaquimica\/wp-content\/uploads\/2020\/08\/LOGO-3D-VALENCA_1.png\",\"width\":833,\"height\":532,\"caption\":\"Valen\u00e7a Qu\u00edmica\"},\"image\":{\"@id\":\"https:\/\/projetos.alineacomunicacao.com.br\/valencaquimica\/#\/schema\/logo\/image\/\"}}]}<\/script>\n<!-- \/ Yoast SEO plugin. -->","yoast_head_json":{"title":"Sab\u00e3o para Roupas Coco 5L - Valen\u00e7a Qu\u00edmica","robots":{"index":"index","follow":"follow","max-snippet":"max-snippet:-1","max-image-preview":"max-image-preview:large","max-video-preview":"max-video-preview:-1"},"canonical":"https:\/\/projetos.alineacomunicacao.com.br\/valencaquimica\/produto\/sabao-para-roupas-coco-5l\/","og_locale":"pt_BR","og_type":"article","og_title":"Sab\u00e3o para Roupas Coco 5L - Valen\u00e7a Qu\u00edmica","og_description":"Descri\u00e7\u00e3o do produto Sab\u00e3o l\u00edquido para roupas no formato pronto para uso, para limpeza completa de todo tipo de tecido, roupas e limpeza geral.  Modo de usar Por se tratar de um produto pronto pra uso, n\u00e3o deve ser feita uma dilui\u00e7\u00e3o (acrescentar \u00e1gua) previa. Aplique 100 ml de Sab\u00e3o l\u00edquido para roupas na m\u00e1quina ou no tanque, agite at\u00e9 dissolver bem e deixe as roupas de molho. Enx\u00e1gue normalmente deixando completar o ciclo da m\u00e1quina. Nunca despeje o produto diretamente sobre as roupas. Dissolva em \u00e1gua limpa e siga as instru\u00e7\u00f5es da lavagem nas etiquetas.","og_url":"https:\/\/projetos.alineacomunicacao.com.br\/valencaquimica\/produto\/sabao-para-roupas-coco-5l\/","og_site_name":"Valen\u00e7a Qu\u00edmica","article_modified_time":"2023-12-10T18:57:04+00:00","og_image":[{"width":400,"height":400,"url":"https:\/\/projetos.alineacomunicacao.com.br\/valencaquimica\/wp-content\/uploads\/2020\/12\/sabao-para-roupa-coco-5l.png","type":"image\/png"}],"twitter_card":"summary_large_image","schema":{"@context":"https:\/\/schema.org","@graph":[{"@type":"WebPage","@id":"https:\/\/projetos.alineacomunicacao.com.br\/valencaquimica\/produto\/sabao-para-roupas-coco-5l\/","url":"https:\/\/projetos.alineacomunicacao.com.br\/valencaquimica\/produto\/sabao-para-roupas-coco-5l\/","name":"Sab\u00e3o para Roupas Coco 5L - Valen\u00e7a Qu\u00edmica","isPartOf":{"@id":"https:\/\/projetos.alineacomunicacao.com.br\/valencaquimica\/#website"},"datePublished":"2020-12-02T20:31:46+00:00","dateModified":"2023-12-10T18:57:04+00:00","breadcrumb":{"@id":"https:\/\/projetos.alineacomunicacao.com.br\/valencaquimica\/produto\/sabao-para-roupas-coco-5l\/#breadcrumb"},"inLanguage":"pt-BR","potentialAction":[{"@type":"ReadAction","target":["https:\/\/projetos.alineacomunicacao.com.br\/valencaquimica\/produto\/sabao-para-roupas-coco-5l\/"]}]},{"@type":"BreadcrumbList","@id":"https:\/\/projetos.alineacomunicacao.com.br\/valencaquimica\/produto\/sabao-para-roupas-coco-5l\/#breadcrumb","itemListElement":[{"@type":"ListItem","position":1,"name":"In\u00edcio","item":"https:\/\/projetos.alineacomunicacao.com.br\/valencaquimica\/"},{"@type":"ListItem","position":2,"name":"Produtos","item":"https:\/\/projetos.alineacomunicacao.com.br\/valencaquimica\/shop\/"},{"@type":"ListItem","position":3,"name":"Sab\u00e3o para Roupas Coco 5L"}]},{"@type":"WebSite","@id":"https:\/\/projetos.alineacomunicacao.com.br\/valencaquimica\/#website","url":"https:\/\/projetos.alineacomunicacao.com.br\/valencaquimica\/","name":"Valen\u00e7a Qu\u00edmica","description":"Ind\u00fastria Qu\u00edmica em Recife","publisher":{"@id":"https:\/\/projetos.alineacomunicacao.com.br\/valencaquimica\/#organization"},"potentialAction":[{"@type":"SearchAction","target":{"@type":"EntryPoint","urlTemplate":"https:\/\/projetos.alineacomunicacao.com.br\/valencaquimica\/?s={search_term_string}"},"query-input":"required name=search_term_string"}],"inLanguage":"pt-BR"},{"@type":"Organization","@id":"https:\/\/projetos.alineacomunicacao.com.br\/valencaquimica\/#organization","name":"Valen\u00e7a Qu\u00edmica","url":"https:\/\/projetos.alineacomunicacao.com.br\/valencaquimica\/","logo":{"@type":"ImageObject","inLanguage":"pt-BR","@id":"https:\/\/projetos.alineacomunicacao.com.br\/valencaquimica\/#\/schema\/logo\/image\/","url":"https:\/\/projetos.alineacomunicacao.com.br\/valencaquimica\/wp-content\/uploads\/2020\/08\/LOGO-3D-VALENCA_1.png","contentUrl":"https:\/\/projetos.alineacomunicacao.com.br\/valencaquimica\/wp-content\/uploads\/2020\/08\/LOGO-3D-VALENCA_1.png","width":833,"height":532,"caption":"Valen\u00e7a Qu\u00edmica"},"image":{"@id":"https:\/\/projetos.alineacomunicacao.com.br\/valencaquimica\/#\/schema\/logo\/image\/"}}]}},"_links":{"self":[{"href":"https:\/\/projetos.alineacomunicacao.com.br\/valencaquimica\/wp-json\/wp\/v2\/product\/940"}],"collection":[{"href":"https:\/\/projetos.alineacomunicacao.com.br\/valencaquimica\/wp-json\/wp\/v2\/product"}],"about":[{"href":"https:\/\/projetos.alineacomunicacao.com.br\/valencaquimica\/wp-json\/wp\/v2\/types\/product"}],"wp:featuredmedia":[{"embeddable":true,"href":"https:\/\/projetos.alineacomunicacao.com.br\/valencaquimica\/wp-json\/wp\/v2\/media\/2771"}],"wp:attachment":[{"href":"https:\/\/projetos.alineacomunicacao.com.br\/valencaquimica\/wp-json\/wp\/v2\/media?parent=940"}],"wp:term":[{"taxonomy":"product_cat","embeddable":true,"href":"https:\/\/projetos.alineacomunicacao.com.br\/valencaquimica\/wp-json\/wp\/v2\/product_cat?post=940"},{"taxonomy":"product_tag","embeddable":true,"href":"https:\/\/projetos.alineacomunicacao.com.br\/valencaquimica\/wp-json\/wp\/v2\/product_tag?post=940"}],"curies":[{"name":"wp","href":"https:\/\/api.w.org\/{rel}","templated":true}]}}