{"id":902,"date":"2020-12-02T15:42:26","date_gmt":"2020-12-02T18:42:26","guid":{"rendered":"https:\/\/alineacomunicacao.com.br\/valencaquimica\/?post_type=product&#038;p=902"},"modified":"2023-12-10T16:16:20","modified_gmt":"2023-12-10T19:16:20","slug":"solupan-5l","status":"publish","type":"product","link":"https:\/\/projetos.alineacomunicacao.com.br\/valencaquimica\/produto\/solupan-5l\/","title":{"rendered":"Solupan 5L"},"content":{"rendered":"","protected":false},"excerpt":{"rendered":"<p>Descri\u00e7\u00e3o do produto<br \/>\nSolupan no formato pronto para uso, \u00e9 um produto para locais onde h\u00e1 necessidade de alta capacidade de desengraxe de forma r\u00e1pida de sujeiras pesadas, excelente na a\u00e7\u00e3o emulsionante para remo\u00e7\u00e3o pesada de gorduras, graxas, \u00f3leos. Recomendado para limpeza em chassis e motores em geral. No entanto, tamb\u00e9m serve para limpeza em fornos, fog\u00f5es, chapas quentes, caldeir\u00f5es, equipamentos e outros.<\/p>\n<p>Modo de usar<br \/>\nMesmo sendo um produto pronto pra uso, recomenda-se fazer uma dilui\u00e7\u00e3o (acrescentar \u00e1gua) pr\u00e9via, dependendo da concentra\u00e7\u00e3o da sujidade que deseja remover. Caso seja uma remo\u00e7\u00e3o leve, utilize 1L do produto para 4 L de \u00e1gua, caso seja uma remo\u00e7\u00e3o pesada, utilize o produto em sua forma pura para ter maior rendimento na remo\u00e7\u00e3o da sujidade. Aplique um pouco de solupan, num pulverizador (com m\u00e1scaras para vapor), ou despeje diretamente na superf\u00edcie que deseja limpar, deixando agir durante 5 a 10 minutos, caso n\u00e3o tenha removido completamente, deixe o tempo necess\u00e1rio. Enxague bem a superf\u00edcie, garantindo que todo o produto seja removido.<\/p>\n","protected":false},"featured_media":2392,"template":"","meta":[],"product_cat":[18,24],"product_tag":[],"yoast_head":"<!-- This site is optimized with the Yoast SEO plugin v22.0 - https:\/\/yoast.com\/wordpress\/plugins\/seo\/ -->\n<title>Solupan 5L - Valen\u00e7a Qu\u00edmica<\/title>\n<meta name=\"robots\" content=\"index, follow, max-snippet:-1, max-image-preview:large, max-video-preview:-1\" \/>\n<link rel=\"canonical\" href=\"https:\/\/projetos.alineacomunicacao.com.br\/valencaquimica\/produto\/solupan-5l\/\" \/>\n<meta property=\"og:locale\" content=\"pt_BR\" \/>\n<meta property=\"og:type\" content=\"article\" \/>\n<meta property=\"og:title\" content=\"Solupan 5L - Valen\u00e7a Qu\u00edmica\" \/>\n<meta property=\"og:description\" content=\"Descri\u00e7\u00e3o do produto Solupan no formato pronto para uso, \u00e9 um produto para locais onde h\u00e1 necessidade de alta capacidade de desengraxe de forma r\u00e1pida de sujeiras pesadas, excelente na a\u00e7\u00e3o emulsionante para remo\u00e7\u00e3o pesada de gorduras, graxas, \u00f3leos. Recomendado para limpeza em chassis e motores em geral. No entanto, tamb\u00e9m serve para limpeza em fornos, fog\u00f5es, chapas quentes, caldeir\u00f5es, equipamentos e outros.  Modo de usar Mesmo sendo um produto pronto pra uso, recomenda-se fazer uma dilui\u00e7\u00e3o (acrescentar \u00e1gua) pr\u00e9via, dependendo da concentra\u00e7\u00e3o da sujidade que deseja remover. Caso seja uma remo\u00e7\u00e3o leve, utilize 1L do produto para 4 L de \u00e1gua, caso seja uma remo\u00e7\u00e3o pesada, utilize o produto em sua forma pura para ter maior rendimento na remo\u00e7\u00e3o da sujidade. Aplique um pouco de solupan, num pulverizador (com m\u00e1scaras para vapor), ou despeje diretamente na superf\u00edcie que deseja limpar, deixando agir durante 5 a 10 minutos, caso n\u00e3o tenha removido completamente, deixe o tempo necess\u00e1rio. Enxague bem a superf\u00edcie, garantindo que todo o produto seja removido.\" \/>\n<meta property=\"og:url\" content=\"https:\/\/projetos.alineacomunicacao.com.br\/valencaquimica\/produto\/solupan-5l\/\" \/>\n<meta property=\"og:site_name\" content=\"Valen\u00e7a Qu\u00edmica\" \/>\n<meta property=\"article:modified_time\" content=\"2023-12-10T19:16:20+00:00\" \/>\n<meta property=\"og:image\" content=\"https:\/\/projetos.alineacomunicacao.com.br\/valencaquimica\/wp-content\/uploads\/2021\/01\/solupan-5l.png\" \/>\n\t<meta property=\"og:image:width\" content=\"1080\" \/>\n\t<meta property=\"og:image:height\" content=\"1080\" \/>\n\t<meta property=\"og:image:type\" content=\"image\/png\" \/>\n<meta name=\"twitter:card\" content=\"summary_large_image\" \/>\n<script type=\"application\/ld+json\" class=\"yoast-schema-graph\">{\"@context\":\"https:\/\/schema.org\",\"@graph\":[{\"@type\":\"WebPage\",\"@id\":\"https:\/\/projetos.alineacomunicacao.com.br\/valencaquimica\/produto\/solupan-5l\/\",\"url\":\"https:\/\/projetos.alineacomunicacao.com.br\/valencaquimica\/produto\/solupan-5l\/\",\"name\":\"Solupan 5L - Valen\u00e7a Qu\u00edmica\",\"isPartOf\":{\"@id\":\"https:\/\/projetos.alineacomunicacao.com.br\/valencaquimica\/#website\"},\"datePublished\":\"2020-12-02T18:42:26+00:00\",\"dateModified\":\"2023-12-10T19:16:20+00:00\",\"breadcrumb\":{\"@id\":\"https:\/\/projetos.alineacomunicacao.com.br\/valencaquimica\/produto\/solupan-5l\/#breadcrumb\"},\"inLanguage\":\"pt-BR\",\"potentialAction\":[{\"@type\":\"ReadAction\",\"target\":[\"https:\/\/projetos.alineacomunicacao.com.br\/valencaquimica\/produto\/solupan-5l\/\"]}]},{\"@type\":\"BreadcrumbList\",\"@id\":\"https:\/\/projetos.alineacomunicacao.com.br\/valencaquimica\/produto\/solupan-5l\/#breadcrumb\",\"itemListElement\":[{\"@type\":\"ListItem\",\"position\":1,\"name\":\"In\u00edcio\",\"item\":\"https:\/\/projetos.alineacomunicacao.com.br\/valencaquimica\/\"},{\"@type\":\"ListItem\",\"position\":2,\"name\":\"Produtos\",\"item\":\"https:\/\/projetos.alineacomunicacao.com.br\/valencaquimica\/shop\/\"},{\"@type\":\"ListItem\",\"position\":3,\"name\":\"Solupan 5L\"}]},{\"@type\":\"WebSite\",\"@id\":\"https:\/\/projetos.alineacomunicacao.com.br\/valencaquimica\/#website\",\"url\":\"https:\/\/projetos.alineacomunicacao.com.br\/valencaquimica\/\",\"name\":\"Valen\u00e7a Qu\u00edmica\",\"description\":\"Ind\u00fastria Qu\u00edmica em Recife\",\"publisher\":{\"@id\":\"https:\/\/projetos.alineacomunicacao.com.br\/valencaquimica\/#organization\"},\"potentialAction\":[{\"@type\":\"SearchAction\",\"target\":{\"@type\":\"EntryPoint\",\"urlTemplate\":\"https:\/\/projetos.alineacomunicacao.com.br\/valencaquimica\/?s={search_term_string}\"},\"query-input\":\"required name=search_term_string\"}],\"inLanguage\":\"pt-BR\"},{\"@type\":\"Organization\",\"@id\":\"https:\/\/projetos.alineacomunicacao.com.br\/valencaquimica\/#organization\",\"name\":\"Valen\u00e7a Qu\u00edmica\",\"url\":\"https:\/\/projetos.alineacomunicacao.com.br\/valencaquimica\/\",\"logo\":{\"@type\":\"ImageObject\",\"inLanguage\":\"pt-BR\",\"@id\":\"https:\/\/projetos.alineacomunicacao.com.br\/valencaquimica\/#\/schema\/logo\/image\/\",\"url\":\"https:\/\/projetos.alineacomunicacao.com.br\/valencaquimica\/wp-content\/uploads\/2020\/08\/LOGO-3D-VALENCA_1.png\",\"contentUrl\":\"https:\/\/projetos.alineacomunicacao.com.br\/valencaquimica\/wp-content\/uploads\/2020\/08\/LOGO-3D-VALENCA_1.png\",\"width\":833,\"height\":532,\"caption\":\"Valen\u00e7a Qu\u00edmica\"},\"image\":{\"@id\":\"https:\/\/projetos.alineacomunicacao.com.br\/valencaquimica\/#\/schema\/logo\/image\/\"}}]}<\/script>\n<!-- \/ Yoast SEO plugin. -->","yoast_head_json":{"title":"Solupan 5L - Valen\u00e7a Qu\u00edmica","robots":{"index":"index","follow":"follow","max-snippet":"max-snippet:-1","max-image-preview":"max-image-preview:large","max-video-preview":"max-video-preview:-1"},"canonical":"https:\/\/projetos.alineacomunicacao.com.br\/valencaquimica\/produto\/solupan-5l\/","og_locale":"pt_BR","og_type":"article","og_title":"Solupan 5L - Valen\u00e7a Qu\u00edmica","og_description":"Descri\u00e7\u00e3o do produto Solupan no formato pronto para uso, \u00e9 um produto para locais onde h\u00e1 necessidade de alta capacidade de desengraxe de forma r\u00e1pida de sujeiras pesadas, excelente na a\u00e7\u00e3o emulsionante para remo\u00e7\u00e3o pesada de gorduras, graxas, \u00f3leos. Recomendado para limpeza em chassis e motores em geral. No entanto, tamb\u00e9m serve para limpeza em fornos, fog\u00f5es, chapas quentes, caldeir\u00f5es, equipamentos e outros.  Modo de usar Mesmo sendo um produto pronto pra uso, recomenda-se fazer uma dilui\u00e7\u00e3o (acrescentar \u00e1gua) pr\u00e9via, dependendo da concentra\u00e7\u00e3o da sujidade que deseja remover. Caso seja uma remo\u00e7\u00e3o leve, utilize 1L do produto para 4 L de \u00e1gua, caso seja uma remo\u00e7\u00e3o pesada, utilize o produto em sua forma pura para ter maior rendimento na remo\u00e7\u00e3o da sujidade. Aplique um pouco de solupan, num pulverizador (com m\u00e1scaras para vapor), ou despeje diretamente na superf\u00edcie que deseja limpar, deixando agir durante 5 a 10 minutos, caso n\u00e3o tenha removido completamente, deixe o tempo necess\u00e1rio. Enxague bem a superf\u00edcie, garantindo que todo o produto seja removido.","og_url":"https:\/\/projetos.alineacomunicacao.com.br\/valencaquimica\/produto\/solupan-5l\/","og_site_name":"Valen\u00e7a Qu\u00edmica","article_modified_time":"2023-12-10T19:16:20+00:00","og_image":[{"width":1080,"height":1080,"url":"https:\/\/projetos.alineacomunicacao.com.br\/valencaquimica\/wp-content\/uploads\/2021\/01\/solupan-5l.png","type":"image\/png"}],"twitter_card":"summary_large_image","schema":{"@context":"https:\/\/schema.org","@graph":[{"@type":"WebPage","@id":"https:\/\/projetos.alineacomunicacao.com.br\/valencaquimica\/produto\/solupan-5l\/","url":"https:\/\/projetos.alineacomunicacao.com.br\/valencaquimica\/produto\/solupan-5l\/","name":"Solupan 5L - Valen\u00e7a Qu\u00edmica","isPartOf":{"@id":"https:\/\/projetos.alineacomunicacao.com.br\/valencaquimica\/#website"},"datePublished":"2020-12-02T18:42:26+00:00","dateModified":"2023-12-10T19:16:20+00:00","breadcrumb":{"@id":"https:\/\/projetos.alineacomunicacao.com.br\/valencaquimica\/produto\/solupan-5l\/#breadcrumb"},"inLanguage":"pt-BR","potentialAction":[{"@type":"ReadAction","target":["https:\/\/projetos.alineacomunicacao.com.br\/valencaquimica\/produto\/solupan-5l\/"]}]},{"@type":"BreadcrumbList","@id":"https:\/\/projetos.alineacomunicacao.com.br\/valencaquimica\/produto\/solupan-5l\/#breadcrumb","itemListElement":[{"@type":"ListItem","position":1,"name":"In\u00edcio","item":"https:\/\/projetos.alineacomunicacao.com.br\/valencaquimica\/"},{"@type":"ListItem","position":2,"name":"Produtos","item":"https:\/\/projetos.alineacomunicacao.com.br\/valencaquimica\/shop\/"},{"@type":"ListItem","position":3,"name":"Solupan 5L"}]},{"@type":"WebSite","@id":"https:\/\/projetos.alineacomunicacao.com.br\/valencaquimica\/#website","url":"https:\/\/projetos.alineacomunicacao.com.br\/valencaquimica\/","name":"Valen\u00e7a Qu\u00edmica","description":"Ind\u00fastria Qu\u00edmica em Recife","publisher":{"@id":"https:\/\/projetos.alineacomunicacao.com.br\/valencaquimica\/#organization"},"potentialAction":[{"@type":"SearchAction","target":{"@type":"EntryPoint","urlTemplate":"https:\/\/projetos.alineacomunicacao.com.br\/valencaquimica\/?s={search_term_string}"},"query-input":"required name=search_term_string"}],"inLanguage":"pt-BR"},{"@type":"Organization","@id":"https:\/\/projetos.alineacomunicacao.com.br\/valencaquimica\/#organization","name":"Valen\u00e7a Qu\u00edmica","url":"https:\/\/projetos.alineacomunicacao.com.br\/valencaquimica\/","logo":{"@type":"ImageObject","inLanguage":"pt-BR","@id":"https:\/\/projetos.alineacomunicacao.com.br\/valencaquimica\/#\/schema\/logo\/image\/","url":"https:\/\/projetos.alineacomunicacao.com.br\/valencaquimica\/wp-content\/uploads\/2020\/08\/LOGO-3D-VALENCA_1.png","contentUrl":"https:\/\/projetos.alineacomunicacao.com.br\/valencaquimica\/wp-content\/uploads\/2020\/08\/LOGO-3D-VALENCA_1.png","width":833,"height":532,"caption":"Valen\u00e7a Qu\u00edmica"},"image":{"@id":"https:\/\/projetos.alineacomunicacao.com.br\/valencaquimica\/#\/schema\/logo\/image\/"}}]}},"_links":{"self":[{"href":"https:\/\/projetos.alineacomunicacao.com.br\/valencaquimica\/wp-json\/wp\/v2\/product\/902"}],"collection":[{"href":"https:\/\/projetos.alineacomunicacao.com.br\/valencaquimica\/wp-json\/wp\/v2\/product"}],"about":[{"href":"https:\/\/projetos.alineacomunicacao.com.br\/valencaquimica\/wp-json\/wp\/v2\/types\/product"}],"wp:featuredmedia":[{"embeddable":true,"href":"https:\/\/projetos.alineacomunicacao.com.br\/valencaquimica\/wp-json\/wp\/v2\/media\/2392"}],"wp:attachment":[{"href":"https:\/\/projetos.alineacomunicacao.com.br\/valencaquimica\/wp-json\/wp\/v2\/media?parent=902"}],"wp:term":[{"taxonomy":"product_cat","embeddable":true,"href":"https:\/\/projetos.alineacomunicacao.com.br\/valencaquimica\/wp-json\/wp\/v2\/product_cat?post=902"},{"taxonomy":"product_tag","embeddable":true,"href":"https:\/\/projetos.alineacomunicacao.com.br\/valencaquimica\/wp-json\/wp\/v2\/product_tag?post=902"}],"curies":[{"name":"wp","href":"https:\/\/api.w.org\/{rel}","templated":true}]}}