{"id":790,"date":"2020-12-01T21:48:15","date_gmt":"2020-12-02T00:48:15","guid":{"rendered":"https:\/\/alineacomunicacao.com.br\/valencaquimica\/?post_type=product&#038;p=790"},"modified":"2023-12-07T18:08:12","modified_gmt":"2023-12-07T21:08:12","slug":"limpa-facil-450gr","status":"publish","type":"product","link":"https:\/\/projetos.alineacomunicacao.com.br\/valencaquimica\/produto\/limpa-facil-450gr\/","title":{"rendered":"Limpa F\u00e1cil 450gr"},"content":{"rendered":"","protected":false},"excerpt":{"rendered":"<p>Descri\u00e7\u00e3o do produto<\/p>\n<p>Limpa f\u00e1cil sutil no formato pronto para uso, para limpeza geral de superf\u00edcies, \u00e9 uma pasta elaborada com mat\u00e9rias prima de excelente qualidade e especifica para remo\u00e7\u00e3o de sujeiras, oleosidades e manchas. usado a seco em superf\u00edcies com f\u00f3rmicas, pl\u00e1sticos, fibras, metais, azulejos, cer\u00e2micas, a\u00e7o inoxid\u00e1vel, borrachas, paredes, granito, papel de parede, bancos de couro, etc&#8230;<\/p>\n<p>Modo de usar<\/p>\n<p>Por se tratar de um produto pronto pra uso, n\u00e3o deve ser feita uma dilui\u00e7\u00e3o (acrescentar \u00e1gua) pr\u00e9via. Aplique um pouco de limpa f\u00e1cil sutil na superf\u00edcie a ser limpa, esfregando em c\u00edrculos. em seguida, remova com um pano ou flanela. Se necess\u00e1rio, repita a opera\u00e7\u00e3o. logo ap\u00f3s, esfregue com um pano limpo para maior brilho.<\/p>\n","protected":false},"featured_media":776,"template":"","meta":[],"product_cat":[24],"product_tag":[],"yoast_head":"<!-- This site is optimized with the Yoast SEO plugin v22.0 - https:\/\/yoast.com\/wordpress\/plugins\/seo\/ -->\n<title>Limpa F\u00e1cil 450gr - Valen\u00e7a Qu\u00edmica<\/title>\n<meta name=\"robots\" content=\"index, follow, max-snippet:-1, max-image-preview:large, max-video-preview:-1\" \/>\n<link rel=\"canonical\" href=\"https:\/\/projetos.alineacomunicacao.com.br\/valencaquimica\/produto\/limpa-facil-450gr\/\" \/>\n<meta property=\"og:locale\" content=\"pt_BR\" \/>\n<meta property=\"og:type\" content=\"article\" \/>\n<meta property=\"og:title\" content=\"Limpa F\u00e1cil 450gr - Valen\u00e7a Qu\u00edmica\" \/>\n<meta property=\"og:description\" content=\"Descri\u00e7\u00e3o do produto  Limpa f\u00e1cil sutil no formato pronto para uso, para limpeza geral de superf\u00edcies, \u00e9 uma pasta elaborada com mat\u00e9rias prima de excelente qualidade e especifica para remo\u00e7\u00e3o de sujeiras, oleosidades e manchas. usado a seco em superf\u00edcies com f\u00f3rmicas, pl\u00e1sticos, fibras, metais, azulejos, cer\u00e2micas, a\u00e7o inoxid\u00e1vel, borrachas, paredes, granito, papel de parede, bancos de couro, etc...  Modo de usar  Por se tratar de um produto pronto pra uso, n\u00e3o deve ser feita uma dilui\u00e7\u00e3o (acrescentar \u00e1gua) pr\u00e9via. Aplique um pouco de limpa f\u00e1cil sutil na superf\u00edcie a ser limpa, esfregando em c\u00edrculos. em seguida, remova com um pano ou flanela. Se necess\u00e1rio, repita a opera\u00e7\u00e3o. logo ap\u00f3s, esfregue com um pano limpo para maior brilho.\" \/>\n<meta property=\"og:url\" content=\"https:\/\/projetos.alineacomunicacao.com.br\/valencaquimica\/produto\/limpa-facil-450gr\/\" \/>\n<meta property=\"og:site_name\" content=\"Valen\u00e7a Qu\u00edmica\" \/>\n<meta property=\"article:modified_time\" content=\"2023-12-07T21:08:12+00:00\" \/>\n<meta property=\"og:image\" content=\"https:\/\/projetos.alineacomunicacao.com.br\/valencaquimica\/wp-content\/uploads\/2020\/11\/LIMPA-FACIL-POTE-450-GR.png\" \/>\n\t<meta property=\"og:image:width\" content=\"500\" \/>\n\t<meta property=\"og:image:height\" content=\"500\" \/>\n\t<meta property=\"og:image:type\" content=\"image\/png\" \/>\n<meta name=\"twitter:card\" content=\"summary_large_image\" \/>\n<script type=\"application\/ld+json\" class=\"yoast-schema-graph\">{\"@context\":\"https:\/\/schema.org\",\"@graph\":[{\"@type\":\"WebPage\",\"@id\":\"https:\/\/projetos.alineacomunicacao.com.br\/valencaquimica\/produto\/limpa-facil-450gr\/\",\"url\":\"https:\/\/projetos.alineacomunicacao.com.br\/valencaquimica\/produto\/limpa-facil-450gr\/\",\"name\":\"Limpa F\u00e1cil 450gr - Valen\u00e7a Qu\u00edmica\",\"isPartOf\":{\"@id\":\"https:\/\/projetos.alineacomunicacao.com.br\/valencaquimica\/#website\"},\"datePublished\":\"2020-12-02T00:48:15+00:00\",\"dateModified\":\"2023-12-07T21:08:12+00:00\",\"breadcrumb\":{\"@id\":\"https:\/\/projetos.alineacomunicacao.com.br\/valencaquimica\/produto\/limpa-facil-450gr\/#breadcrumb\"},\"inLanguage\":\"pt-BR\",\"potentialAction\":[{\"@type\":\"ReadAction\",\"target\":[\"https:\/\/projetos.alineacomunicacao.com.br\/valencaquimica\/produto\/limpa-facil-450gr\/\"]}]},{\"@type\":\"BreadcrumbList\",\"@id\":\"https:\/\/projetos.alineacomunicacao.com.br\/valencaquimica\/produto\/limpa-facil-450gr\/#breadcrumb\",\"itemListElement\":[{\"@type\":\"ListItem\",\"position\":1,\"name\":\"In\u00edcio\",\"item\":\"https:\/\/projetos.alineacomunicacao.com.br\/valencaquimica\/\"},{\"@type\":\"ListItem\",\"position\":2,\"name\":\"Produtos\",\"item\":\"https:\/\/projetos.alineacomunicacao.com.br\/valencaquimica\/shop\/\"},{\"@type\":\"ListItem\",\"position\":3,\"name\":\"Limpa F\u00e1cil 450gr\"}]},{\"@type\":\"WebSite\",\"@id\":\"https:\/\/projetos.alineacomunicacao.com.br\/valencaquimica\/#website\",\"url\":\"https:\/\/projetos.alineacomunicacao.com.br\/valencaquimica\/\",\"name\":\"Valen\u00e7a Qu\u00edmica\",\"description\":\"Ind\u00fastria Qu\u00edmica em Recife\",\"publisher\":{\"@id\":\"https:\/\/projetos.alineacomunicacao.com.br\/valencaquimica\/#organization\"},\"potentialAction\":[{\"@type\":\"SearchAction\",\"target\":{\"@type\":\"EntryPoint\",\"urlTemplate\":\"https:\/\/projetos.alineacomunicacao.com.br\/valencaquimica\/?s={search_term_string}\"},\"query-input\":\"required name=search_term_string\"}],\"inLanguage\":\"pt-BR\"},{\"@type\":\"Organization\",\"@id\":\"https:\/\/projetos.alineacomunicacao.com.br\/valencaquimica\/#organization\",\"name\":\"Valen\u00e7a Qu\u00edmica\",\"url\":\"https:\/\/projetos.alineacomunicacao.com.br\/valencaquimica\/\",\"logo\":{\"@type\":\"ImageObject\",\"inLanguage\":\"pt-BR\",\"@id\":\"https:\/\/projetos.alineacomunicacao.com.br\/valencaquimica\/#\/schema\/logo\/image\/\",\"url\":\"https:\/\/projetos.alineacomunicacao.com.br\/valencaquimica\/wp-content\/uploads\/2020\/08\/LOGO-3D-VALENCA_1.png\",\"contentUrl\":\"https:\/\/projetos.alineacomunicacao.com.br\/valencaquimica\/wp-content\/uploads\/2020\/08\/LOGO-3D-VALENCA_1.png\",\"width\":833,\"height\":532,\"caption\":\"Valen\u00e7a Qu\u00edmica\"},\"image\":{\"@id\":\"https:\/\/projetos.alineacomunicacao.com.br\/valencaquimica\/#\/schema\/logo\/image\/\"}}]}<\/script>\n<!-- \/ Yoast SEO plugin. -->","yoast_head_json":{"title":"Limpa F\u00e1cil 450gr - Valen\u00e7a Qu\u00edmica","robots":{"index":"index","follow":"follow","max-snippet":"max-snippet:-1","max-image-preview":"max-image-preview:large","max-video-preview":"max-video-preview:-1"},"canonical":"https:\/\/projetos.alineacomunicacao.com.br\/valencaquimica\/produto\/limpa-facil-450gr\/","og_locale":"pt_BR","og_type":"article","og_title":"Limpa F\u00e1cil 450gr - Valen\u00e7a Qu\u00edmica","og_description":"Descri\u00e7\u00e3o do produto  Limpa f\u00e1cil sutil no formato pronto para uso, para limpeza geral de superf\u00edcies, \u00e9 uma pasta elaborada com mat\u00e9rias prima de excelente qualidade e especifica para remo\u00e7\u00e3o de sujeiras, oleosidades e manchas. usado a seco em superf\u00edcies com f\u00f3rmicas, pl\u00e1sticos, fibras, metais, azulejos, cer\u00e2micas, a\u00e7o inoxid\u00e1vel, borrachas, paredes, granito, papel de parede, bancos de couro, etc...  Modo de usar  Por se tratar de um produto pronto pra uso, n\u00e3o deve ser feita uma dilui\u00e7\u00e3o (acrescentar \u00e1gua) pr\u00e9via. Aplique um pouco de limpa f\u00e1cil sutil na superf\u00edcie a ser limpa, esfregando em c\u00edrculos. em seguida, remova com um pano ou flanela. Se necess\u00e1rio, repita a opera\u00e7\u00e3o. logo ap\u00f3s, esfregue com um pano limpo para maior brilho.","og_url":"https:\/\/projetos.alineacomunicacao.com.br\/valencaquimica\/produto\/limpa-facil-450gr\/","og_site_name":"Valen\u00e7a Qu\u00edmica","article_modified_time":"2023-12-07T21:08:12+00:00","og_image":[{"width":500,"height":500,"url":"https:\/\/projetos.alineacomunicacao.com.br\/valencaquimica\/wp-content\/uploads\/2020\/11\/LIMPA-FACIL-POTE-450-GR.png","type":"image\/png"}],"twitter_card":"summary_large_image","schema":{"@context":"https:\/\/schema.org","@graph":[{"@type":"WebPage","@id":"https:\/\/projetos.alineacomunicacao.com.br\/valencaquimica\/produto\/limpa-facil-450gr\/","url":"https:\/\/projetos.alineacomunicacao.com.br\/valencaquimica\/produto\/limpa-facil-450gr\/","name":"Limpa F\u00e1cil 450gr - Valen\u00e7a Qu\u00edmica","isPartOf":{"@id":"https:\/\/projetos.alineacomunicacao.com.br\/valencaquimica\/#website"},"datePublished":"2020-12-02T00:48:15+00:00","dateModified":"2023-12-07T21:08:12+00:00","breadcrumb":{"@id":"https:\/\/projetos.alineacomunicacao.com.br\/valencaquimica\/produto\/limpa-facil-450gr\/#breadcrumb"},"inLanguage":"pt-BR","potentialAction":[{"@type":"ReadAction","target":["https:\/\/projetos.alineacomunicacao.com.br\/valencaquimica\/produto\/limpa-facil-450gr\/"]}]},{"@type":"BreadcrumbList","@id":"https:\/\/projetos.alineacomunicacao.com.br\/valencaquimica\/produto\/limpa-facil-450gr\/#breadcrumb","itemListElement":[{"@type":"ListItem","position":1,"name":"In\u00edcio","item":"https:\/\/projetos.alineacomunicacao.com.br\/valencaquimica\/"},{"@type":"ListItem","position":2,"name":"Produtos","item":"https:\/\/projetos.alineacomunicacao.com.br\/valencaquimica\/shop\/"},{"@type":"ListItem","position":3,"name":"Limpa F\u00e1cil 450gr"}]},{"@type":"WebSite","@id":"https:\/\/projetos.alineacomunicacao.com.br\/valencaquimica\/#website","url":"https:\/\/projetos.alineacomunicacao.com.br\/valencaquimica\/","name":"Valen\u00e7a Qu\u00edmica","description":"Ind\u00fastria Qu\u00edmica em Recife","publisher":{"@id":"https:\/\/projetos.alineacomunicacao.com.br\/valencaquimica\/#organization"},"potentialAction":[{"@type":"SearchAction","target":{"@type":"EntryPoint","urlTemplate":"https:\/\/projetos.alineacomunicacao.com.br\/valencaquimica\/?s={search_term_string}"},"query-input":"required name=search_term_string"}],"inLanguage":"pt-BR"},{"@type":"Organization","@id":"https:\/\/projetos.alineacomunicacao.com.br\/valencaquimica\/#organization","name":"Valen\u00e7a Qu\u00edmica","url":"https:\/\/projetos.alineacomunicacao.com.br\/valencaquimica\/","logo":{"@type":"ImageObject","inLanguage":"pt-BR","@id":"https:\/\/projetos.alineacomunicacao.com.br\/valencaquimica\/#\/schema\/logo\/image\/","url":"https:\/\/projetos.alineacomunicacao.com.br\/valencaquimica\/wp-content\/uploads\/2020\/08\/LOGO-3D-VALENCA_1.png","contentUrl":"https:\/\/projetos.alineacomunicacao.com.br\/valencaquimica\/wp-content\/uploads\/2020\/08\/LOGO-3D-VALENCA_1.png","width":833,"height":532,"caption":"Valen\u00e7a Qu\u00edmica"},"image":{"@id":"https:\/\/projetos.alineacomunicacao.com.br\/valencaquimica\/#\/schema\/logo\/image\/"}}]}},"_links":{"self":[{"href":"https:\/\/projetos.alineacomunicacao.com.br\/valencaquimica\/wp-json\/wp\/v2\/product\/790"}],"collection":[{"href":"https:\/\/projetos.alineacomunicacao.com.br\/valencaquimica\/wp-json\/wp\/v2\/product"}],"about":[{"href":"https:\/\/projetos.alineacomunicacao.com.br\/valencaquimica\/wp-json\/wp\/v2\/types\/product"}],"wp:featuredmedia":[{"embeddable":true,"href":"https:\/\/projetos.alineacomunicacao.com.br\/valencaquimica\/wp-json\/wp\/v2\/media\/776"}],"wp:attachment":[{"href":"https:\/\/projetos.alineacomunicacao.com.br\/valencaquimica\/wp-json\/wp\/v2\/media?parent=790"}],"wp:term":[{"taxonomy":"product_cat","embeddable":true,"href":"https:\/\/projetos.alineacomunicacao.com.br\/valencaquimica\/wp-json\/wp\/v2\/product_cat?post=790"},{"taxonomy":"product_tag","embeddable":true,"href":"https:\/\/projetos.alineacomunicacao.com.br\/valencaquimica\/wp-json\/wp\/v2\/product_tag?post=790"}],"curies":[{"name":"wp","href":"https:\/\/api.w.org\/{rel}","templated":true}]}}