{"id":3469,"date":"2023-12-12T18:00:35","date_gmt":"2023-12-12T21:00:35","guid":{"rendered":"https:\/\/projetos.alineacomunicacao.com.br\/valencaquimica\/?post_type=product&#038;p=3469"},"modified":"2023-12-12T18:05:07","modified_gmt":"2023-12-12T21:05:07","slug":"valmax-power-clean-1l","status":"publish","type":"product","link":"https:\/\/projetos.alineacomunicacao.com.br\/valencaquimica\/produto\/valmax-power-clean-1l\/","title":{"rendered":"Valmax Power Clean 1L"},"content":{"rendered":"","protected":false},"excerpt":{"rendered":"<p>Descri\u00e7\u00e3o do produto<br \/>\nDetergente desincrustante alcalino de elevada a\u00e7\u00e3o desengordurante, e desengraxante. Elaborado para remo\u00e7\u00e3o de sujidades org\u00e2nicas (gorduras, manchas de sangue, mancha de vinho, \u00f3leos, graxas) em pisos porosos ou \u201csens\u00edveis\u201d a produtos corrosivos. Ideal para limpeza pesada de pisos como: porcelanato, rejuntes, m\u00e1rmore, granito, granilitos, pisos cer\u00e2micos e etc.<\/p>\n<p>Modo de usar<br \/>\nPor ser um produto concentrado, recomenda-se fazer uma dilui\u00e7\u00e3o (acrescentar \u00e1gua) pr\u00e9via, dependendo da concentra\u00e7\u00e3o da incrusta\u00e7\u00e3o. Preparar o produto de acordo com o grau de sujidade na superf\u00edcie, em caso de uma limpeza pesada (diluir 1L do produto em 4L de \u00e1gua), caso for uma limpeza leve\/manuten\u00e7\u00e3o di\u00e1ria (diluir 1L do produto em at\u00e9 19L de \u00e1gua), aplicar no local desejado e aguar entre 2 a 5 minutos e enxaguar em seguida para remover por completo a sujidade, o produto e seus res\u00edduos.<\/p>\n","protected":false},"featured_media":3472,"template":"","meta":[],"product_cat":[94],"product_tag":[],"yoast_head":"<!-- This site is optimized with the Yoast SEO plugin v22.0 - https:\/\/yoast.com\/wordpress\/plugins\/seo\/ -->\n<title>Valmax Power Clean 1L - Valen\u00e7a Qu\u00edmica<\/title>\n<meta name=\"robots\" content=\"index, follow, max-snippet:-1, max-image-preview:large, max-video-preview:-1\" \/>\n<link rel=\"canonical\" href=\"https:\/\/projetos.alineacomunicacao.com.br\/valencaquimica\/produto\/valmax-power-clean-1l\/\" \/>\n<meta property=\"og:locale\" content=\"pt_BR\" \/>\n<meta property=\"og:type\" content=\"article\" \/>\n<meta property=\"og:title\" content=\"Valmax Power Clean 1L - Valen\u00e7a Qu\u00edmica\" \/>\n<meta property=\"og:description\" content=\"Descri\u00e7\u00e3o do produto Detergente desincrustante alcalino de elevada a\u00e7\u00e3o desengordurante, e desengraxante. Elaborado para remo\u00e7\u00e3o de sujidades org\u00e2nicas (gorduras, manchas de sangue, mancha de vinho, \u00f3leos, graxas) em pisos porosos ou \u201csens\u00edveis\u201d a produtos corrosivos. Ideal para limpeza pesada de pisos como: porcelanato, rejuntes, m\u00e1rmore, granito, granilitos, pisos cer\u00e2micos e etc.  Modo de usar Por ser um produto concentrado, recomenda-se fazer uma dilui\u00e7\u00e3o (acrescentar \u00e1gua) pr\u00e9via, dependendo da concentra\u00e7\u00e3o da incrusta\u00e7\u00e3o. Preparar o produto de acordo com o grau de sujidade na superf\u00edcie, em caso de uma limpeza pesada (diluir 1L do produto em 4L de \u00e1gua), caso for uma limpeza leve\/manuten\u00e7\u00e3o di\u00e1ria (diluir 1L do produto em at\u00e9 19L de \u00e1gua), aplicar no local desejado e aguar entre 2 a 5 minutos e enxaguar em seguida para remover por completo a sujidade, o produto e seus res\u00edduos.\" \/>\n<meta property=\"og:url\" content=\"https:\/\/projetos.alineacomunicacao.com.br\/valencaquimica\/produto\/valmax-power-clean-1l\/\" \/>\n<meta property=\"og:site_name\" content=\"Valen\u00e7a Qu\u00edmica\" \/>\n<meta property=\"article:modified_time\" content=\"2023-12-12T21:05:07+00:00\" \/>\n<meta property=\"og:image\" content=\"https:\/\/projetos.alineacomunicacao.com.br\/valencaquimica\/wp-content\/uploads\/2023\/12\/Valmax-Power-Clean-1L.png\" \/>\n\t<meta property=\"og:image:width\" content=\"5000\" \/>\n\t<meta property=\"og:image:height\" content=\"5000\" \/>\n\t<meta property=\"og:image:type\" content=\"image\/png\" \/>\n<meta name=\"twitter:card\" content=\"summary_large_image\" \/>\n<meta name=\"twitter:label1\" content=\"Est. tempo de leitura\" \/>\n\t<meta name=\"twitter:data1\" content=\"1 minuto\" \/>\n<script type=\"application\/ld+json\" class=\"yoast-schema-graph\">{\"@context\":\"https:\/\/schema.org\",\"@graph\":[{\"@type\":\"WebPage\",\"@id\":\"https:\/\/projetos.alineacomunicacao.com.br\/valencaquimica\/produto\/valmax-power-clean-1l\/\",\"url\":\"https:\/\/projetos.alineacomunicacao.com.br\/valencaquimica\/produto\/valmax-power-clean-1l\/\",\"name\":\"Valmax Power Clean 1L - Valen\u00e7a Qu\u00edmica\",\"isPartOf\":{\"@id\":\"https:\/\/projetos.alineacomunicacao.com.br\/valencaquimica\/#website\"},\"datePublished\":\"2023-12-12T21:00:35+00:00\",\"dateModified\":\"2023-12-12T21:05:07+00:00\",\"breadcrumb\":{\"@id\":\"https:\/\/projetos.alineacomunicacao.com.br\/valencaquimica\/produto\/valmax-power-clean-1l\/#breadcrumb\"},\"inLanguage\":\"pt-BR\",\"potentialAction\":[{\"@type\":\"ReadAction\",\"target\":[\"https:\/\/projetos.alineacomunicacao.com.br\/valencaquimica\/produto\/valmax-power-clean-1l\/\"]}]},{\"@type\":\"BreadcrumbList\",\"@id\":\"https:\/\/projetos.alineacomunicacao.com.br\/valencaquimica\/produto\/valmax-power-clean-1l\/#breadcrumb\",\"itemListElement\":[{\"@type\":\"ListItem\",\"position\":1,\"name\":\"In\u00edcio\",\"item\":\"https:\/\/projetos.alineacomunicacao.com.br\/valencaquimica\/\"},{\"@type\":\"ListItem\",\"position\":2,\"name\":\"Produtos\",\"item\":\"https:\/\/projetos.alineacomunicacao.com.br\/valencaquimica\/shop\/\"},{\"@type\":\"ListItem\",\"position\":3,\"name\":\"Valmax Power Clean 1L\"}]},{\"@type\":\"WebSite\",\"@id\":\"https:\/\/projetos.alineacomunicacao.com.br\/valencaquimica\/#website\",\"url\":\"https:\/\/projetos.alineacomunicacao.com.br\/valencaquimica\/\",\"name\":\"Valen\u00e7a Qu\u00edmica\",\"description\":\"Ind\u00fastria Qu\u00edmica em Recife\",\"publisher\":{\"@id\":\"https:\/\/projetos.alineacomunicacao.com.br\/valencaquimica\/#organization\"},\"potentialAction\":[{\"@type\":\"SearchAction\",\"target\":{\"@type\":\"EntryPoint\",\"urlTemplate\":\"https:\/\/projetos.alineacomunicacao.com.br\/valencaquimica\/?s={search_term_string}\"},\"query-input\":\"required name=search_term_string\"}],\"inLanguage\":\"pt-BR\"},{\"@type\":\"Organization\",\"@id\":\"https:\/\/projetos.alineacomunicacao.com.br\/valencaquimica\/#organization\",\"name\":\"Valen\u00e7a Qu\u00edmica\",\"url\":\"https:\/\/projetos.alineacomunicacao.com.br\/valencaquimica\/\",\"logo\":{\"@type\":\"ImageObject\",\"inLanguage\":\"pt-BR\",\"@id\":\"https:\/\/projetos.alineacomunicacao.com.br\/valencaquimica\/#\/schema\/logo\/image\/\",\"url\":\"https:\/\/projetos.alineacomunicacao.com.br\/valencaquimica\/wp-content\/uploads\/2020\/08\/LOGO-3D-VALENCA_1.png\",\"contentUrl\":\"https:\/\/projetos.alineacomunicacao.com.br\/valencaquimica\/wp-content\/uploads\/2020\/08\/LOGO-3D-VALENCA_1.png\",\"width\":833,\"height\":532,\"caption\":\"Valen\u00e7a Qu\u00edmica\"},\"image\":{\"@id\":\"https:\/\/projetos.alineacomunicacao.com.br\/valencaquimica\/#\/schema\/logo\/image\/\"}}]}<\/script>\n<!-- \/ Yoast SEO plugin. -->","yoast_head_json":{"title":"Valmax Power Clean 1L - Valen\u00e7a Qu\u00edmica","robots":{"index":"index","follow":"follow","max-snippet":"max-snippet:-1","max-image-preview":"max-image-preview:large","max-video-preview":"max-video-preview:-1"},"canonical":"https:\/\/projetos.alineacomunicacao.com.br\/valencaquimica\/produto\/valmax-power-clean-1l\/","og_locale":"pt_BR","og_type":"article","og_title":"Valmax Power Clean 1L - Valen\u00e7a Qu\u00edmica","og_description":"Descri\u00e7\u00e3o do produto Detergente desincrustante alcalino de elevada a\u00e7\u00e3o desengordurante, e desengraxante. Elaborado para remo\u00e7\u00e3o de sujidades org\u00e2nicas (gorduras, manchas de sangue, mancha de vinho, \u00f3leos, graxas) em pisos porosos ou \u201csens\u00edveis\u201d a produtos corrosivos. Ideal para limpeza pesada de pisos como: porcelanato, rejuntes, m\u00e1rmore, granito, granilitos, pisos cer\u00e2micos e etc.  Modo de usar Por ser um produto concentrado, recomenda-se fazer uma dilui\u00e7\u00e3o (acrescentar \u00e1gua) pr\u00e9via, dependendo da concentra\u00e7\u00e3o da incrusta\u00e7\u00e3o. Preparar o produto de acordo com o grau de sujidade na superf\u00edcie, em caso de uma limpeza pesada (diluir 1L do produto em 4L de \u00e1gua), caso for uma limpeza leve\/manuten\u00e7\u00e3o di\u00e1ria (diluir 1L do produto em at\u00e9 19L de \u00e1gua), aplicar no local desejado e aguar entre 2 a 5 minutos e enxaguar em seguida para remover por completo a sujidade, o produto e seus res\u00edduos.","og_url":"https:\/\/projetos.alineacomunicacao.com.br\/valencaquimica\/produto\/valmax-power-clean-1l\/","og_site_name":"Valen\u00e7a Qu\u00edmica","article_modified_time":"2023-12-12T21:05:07+00:00","og_image":[{"width":5000,"height":5000,"url":"https:\/\/projetos.alineacomunicacao.com.br\/valencaquimica\/wp-content\/uploads\/2023\/12\/Valmax-Power-Clean-1L.png","type":"image\/png"}],"twitter_card":"summary_large_image","twitter_misc":{"Est. tempo de leitura":"1 minuto"},"schema":{"@context":"https:\/\/schema.org","@graph":[{"@type":"WebPage","@id":"https:\/\/projetos.alineacomunicacao.com.br\/valencaquimica\/produto\/valmax-power-clean-1l\/","url":"https:\/\/projetos.alineacomunicacao.com.br\/valencaquimica\/produto\/valmax-power-clean-1l\/","name":"Valmax Power Clean 1L - Valen\u00e7a Qu\u00edmica","isPartOf":{"@id":"https:\/\/projetos.alineacomunicacao.com.br\/valencaquimica\/#website"},"datePublished":"2023-12-12T21:00:35+00:00","dateModified":"2023-12-12T21:05:07+00:00","breadcrumb":{"@id":"https:\/\/projetos.alineacomunicacao.com.br\/valencaquimica\/produto\/valmax-power-clean-1l\/#breadcrumb"},"inLanguage":"pt-BR","potentialAction":[{"@type":"ReadAction","target":["https:\/\/projetos.alineacomunicacao.com.br\/valencaquimica\/produto\/valmax-power-clean-1l\/"]}]},{"@type":"BreadcrumbList","@id":"https:\/\/projetos.alineacomunicacao.com.br\/valencaquimica\/produto\/valmax-power-clean-1l\/#breadcrumb","itemListElement":[{"@type":"ListItem","position":1,"name":"In\u00edcio","item":"https:\/\/projetos.alineacomunicacao.com.br\/valencaquimica\/"},{"@type":"ListItem","position":2,"name":"Produtos","item":"https:\/\/projetos.alineacomunicacao.com.br\/valencaquimica\/shop\/"},{"@type":"ListItem","position":3,"name":"Valmax Power Clean 1L"}]},{"@type":"WebSite","@id":"https:\/\/projetos.alineacomunicacao.com.br\/valencaquimica\/#website","url":"https:\/\/projetos.alineacomunicacao.com.br\/valencaquimica\/","name":"Valen\u00e7a Qu\u00edmica","description":"Ind\u00fastria Qu\u00edmica em Recife","publisher":{"@id":"https:\/\/projetos.alineacomunicacao.com.br\/valencaquimica\/#organization"},"potentialAction":[{"@type":"SearchAction","target":{"@type":"EntryPoint","urlTemplate":"https:\/\/projetos.alineacomunicacao.com.br\/valencaquimica\/?s={search_term_string}"},"query-input":"required name=search_term_string"}],"inLanguage":"pt-BR"},{"@type":"Organization","@id":"https:\/\/projetos.alineacomunicacao.com.br\/valencaquimica\/#organization","name":"Valen\u00e7a Qu\u00edmica","url":"https:\/\/projetos.alineacomunicacao.com.br\/valencaquimica\/","logo":{"@type":"ImageObject","inLanguage":"pt-BR","@id":"https:\/\/projetos.alineacomunicacao.com.br\/valencaquimica\/#\/schema\/logo\/image\/","url":"https:\/\/projetos.alineacomunicacao.com.br\/valencaquimica\/wp-content\/uploads\/2020\/08\/LOGO-3D-VALENCA_1.png","contentUrl":"https:\/\/projetos.alineacomunicacao.com.br\/valencaquimica\/wp-content\/uploads\/2020\/08\/LOGO-3D-VALENCA_1.png","width":833,"height":532,"caption":"Valen\u00e7a Qu\u00edmica"},"image":{"@id":"https:\/\/projetos.alineacomunicacao.com.br\/valencaquimica\/#\/schema\/logo\/image\/"}}]}},"_links":{"self":[{"href":"https:\/\/projetos.alineacomunicacao.com.br\/valencaquimica\/wp-json\/wp\/v2\/product\/3469"}],"collection":[{"href":"https:\/\/projetos.alineacomunicacao.com.br\/valencaquimica\/wp-json\/wp\/v2\/product"}],"about":[{"href":"https:\/\/projetos.alineacomunicacao.com.br\/valencaquimica\/wp-json\/wp\/v2\/types\/product"}],"wp:featuredmedia":[{"embeddable":true,"href":"https:\/\/projetos.alineacomunicacao.com.br\/valencaquimica\/wp-json\/wp\/v2\/media\/3472"}],"wp:attachment":[{"href":"https:\/\/projetos.alineacomunicacao.com.br\/valencaquimica\/wp-json\/wp\/v2\/media?parent=3469"}],"wp:term":[{"taxonomy":"product_cat","embeddable":true,"href":"https:\/\/projetos.alineacomunicacao.com.br\/valencaquimica\/wp-json\/wp\/v2\/product_cat?post=3469"},{"taxonomy":"product_tag","embeddable":true,"href":"https:\/\/projetos.alineacomunicacao.com.br\/valencaquimica\/wp-json\/wp\/v2\/product_tag?post=3469"}],"curies":[{"name":"wp","href":"https:\/\/api.w.org\/{rel}","templated":true}]}}