{"id":3459,"date":"2023-12-12T17:54:03","date_gmt":"2023-12-12T20:54:03","guid":{"rendered":"https:\/\/projetos.alineacomunicacao.com.br\/valencaquimica\/?post_type=product&#038;p=3459"},"modified":"2023-12-12T17:57:43","modified_gmt":"2023-12-12T20:57:43","slug":"valmax-peroxy-clean-1l","status":"publish","type":"product","link":"https:\/\/projetos.alineacomunicacao.com.br\/valencaquimica\/produto\/valmax-peroxy-clean-1l\/","title":{"rendered":"Valmax Peroxy Clean 1L"},"content":{"rendered":"","protected":false},"excerpt":{"rendered":"<p>Descri\u00e7\u00e3o do produto<br \/>\nProduto com a\u00e7\u00e3o alvejante, oxidante, desodorizante e limpador para sujidades org\u00e2nicas (sangue, gorduras, \u00f3leos, graxas),manchas de ch\u00e1, caf\u00e9, vinho, mofo, bolores, fuligens e etc. Pode ser usado em pisos em geral (acr\u00edlico, cer\u00e2mica, granito, porcelanato), vinil estofados, carpetes, tapetes, metais, a\u00e7o inox, alum\u00ednio, pl\u00e1sticos, PVC, vidros, espelhos, f\u00f3rmicas, paredes, tecidos, vaso sanit\u00e1rios, rejuntes, superficiais lav\u00e1veis e etc. Possui um excelente rendimento e resultado na remo\u00e7\u00e3o dos res\u00edduos\/sujidades.<\/p>\n<p>Modo de usar<br \/>\nProduto concentrado, recomenda-se fazer uma dilui\u00e7\u00e3o (acrescentar \u00e1gua) pr\u00e9via, de acordo com o tipo de limpeza desejada. Utilize uma dilui\u00e7\u00e3o de 1\/200 do produto caso for do tipo limpeza leve\/manuten\u00e7\u00e3o, diluir 1\/50 caso for uma limpeza moderada ou uma dilui\u00e7\u00e3o de 1\/20 caso for do tipo limpeza pesada. Aplique um pouco de Valmax Peroxy Clean na dilui\u00e7\u00e3o previamente escolhida sobre a superf\u00edcie a ser limpa, deixar agir por 2 a 5 minutos, se necess\u00e1rio realizar a limpeza com o auxilio de uma m\u00e1quina pulverizadora, esponja de fibra sint\u00e9tica, vassoura, escova, mop ou similares, por fim, enxague com bastante \u00e1gua.<\/p>\n","protected":false},"featured_media":3461,"template":"","meta":[],"product_cat":[94],"product_tag":[],"yoast_head":"<!-- This site is optimized with the Yoast SEO plugin v22.0 - https:\/\/yoast.com\/wordpress\/plugins\/seo\/ -->\n<title>Valmax Peroxy Clean 1L - Valen\u00e7a Qu\u00edmica<\/title>\n<meta name=\"robots\" content=\"index, follow, max-snippet:-1, max-image-preview:large, max-video-preview:-1\" \/>\n<link rel=\"canonical\" href=\"https:\/\/projetos.alineacomunicacao.com.br\/valencaquimica\/produto\/valmax-peroxy-clean-1l\/\" \/>\n<meta property=\"og:locale\" content=\"pt_BR\" \/>\n<meta property=\"og:type\" content=\"article\" \/>\n<meta property=\"og:title\" content=\"Valmax Peroxy Clean 1L - Valen\u00e7a Qu\u00edmica\" \/>\n<meta property=\"og:description\" content=\"Descri\u00e7\u00e3o do produto Produto com a\u00e7\u00e3o alvejante, oxidante, desodorizante e limpador para sujidades org\u00e2nicas (sangue, gorduras, \u00f3leos, graxas),manchas de ch\u00e1, caf\u00e9, vinho, mofo, bolores, fuligens e etc. Pode ser usado em pisos em geral (acr\u00edlico, cer\u00e2mica, granito, porcelanato), vinil estofados, carpetes, tapetes, metais, a\u00e7o inox, alum\u00ednio, pl\u00e1sticos, PVC, vidros, espelhos, f\u00f3rmicas, paredes, tecidos, vaso sanit\u00e1rios, rejuntes, superficiais lav\u00e1veis e etc. Possui um excelente rendimento e resultado na remo\u00e7\u00e3o dos res\u00edduos\/sujidades.  Modo de usar Produto concentrado, recomenda-se fazer uma dilui\u00e7\u00e3o (acrescentar \u00e1gua) pr\u00e9via, de acordo com o tipo de limpeza desejada. Utilize uma dilui\u00e7\u00e3o de 1\/200 do produto caso for do tipo limpeza leve\/manuten\u00e7\u00e3o, diluir 1\/50 caso for uma limpeza moderada ou uma dilui\u00e7\u00e3o de 1\/20 caso for do tipo limpeza pesada. Aplique um pouco de Valmax Peroxy Clean na dilui\u00e7\u00e3o previamente escolhida sobre a superf\u00edcie a ser limpa, deixar agir por 2 a 5 minutos, se necess\u00e1rio realizar a limpeza com o auxilio de uma m\u00e1quina pulverizadora, esponja de fibra sint\u00e9tica, vassoura, escova, mop ou similares, por fim, enxague com bastante \u00e1gua.\" \/>\n<meta property=\"og:url\" content=\"https:\/\/projetos.alineacomunicacao.com.br\/valencaquimica\/produto\/valmax-peroxy-clean-1l\/\" \/>\n<meta property=\"og:site_name\" content=\"Valen\u00e7a Qu\u00edmica\" \/>\n<meta property=\"article:modified_time\" content=\"2023-12-12T20:57:43+00:00\" \/>\n<meta property=\"og:image\" content=\"https:\/\/projetos.alineacomunicacao.com.br\/valencaquimica\/wp-content\/uploads\/2023\/12\/Valmax-Peroxy-Clean-1L.png\" \/>\n\t<meta property=\"og:image:width\" content=\"5000\" \/>\n\t<meta property=\"og:image:height\" content=\"5000\" \/>\n\t<meta property=\"og:image:type\" content=\"image\/png\" \/>\n<meta name=\"twitter:card\" content=\"summary_large_image\" \/>\n<meta name=\"twitter:label1\" content=\"Est. tempo de leitura\" \/>\n\t<meta name=\"twitter:data1\" content=\"1 minuto\" \/>\n<script type=\"application\/ld+json\" class=\"yoast-schema-graph\">{\"@context\":\"https:\/\/schema.org\",\"@graph\":[{\"@type\":\"WebPage\",\"@id\":\"https:\/\/projetos.alineacomunicacao.com.br\/valencaquimica\/produto\/valmax-peroxy-clean-1l\/\",\"url\":\"https:\/\/projetos.alineacomunicacao.com.br\/valencaquimica\/produto\/valmax-peroxy-clean-1l\/\",\"name\":\"Valmax Peroxy Clean 1L - Valen\u00e7a Qu\u00edmica\",\"isPartOf\":{\"@id\":\"https:\/\/projetos.alineacomunicacao.com.br\/valencaquimica\/#website\"},\"datePublished\":\"2023-12-12T20:54:03+00:00\",\"dateModified\":\"2023-12-12T20:57:43+00:00\",\"breadcrumb\":{\"@id\":\"https:\/\/projetos.alineacomunicacao.com.br\/valencaquimica\/produto\/valmax-peroxy-clean-1l\/#breadcrumb\"},\"inLanguage\":\"pt-BR\",\"potentialAction\":[{\"@type\":\"ReadAction\",\"target\":[\"https:\/\/projetos.alineacomunicacao.com.br\/valencaquimica\/produto\/valmax-peroxy-clean-1l\/\"]}]},{\"@type\":\"BreadcrumbList\",\"@id\":\"https:\/\/projetos.alineacomunicacao.com.br\/valencaquimica\/produto\/valmax-peroxy-clean-1l\/#breadcrumb\",\"itemListElement\":[{\"@type\":\"ListItem\",\"position\":1,\"name\":\"In\u00edcio\",\"item\":\"https:\/\/projetos.alineacomunicacao.com.br\/valencaquimica\/\"},{\"@type\":\"ListItem\",\"position\":2,\"name\":\"Produtos\",\"item\":\"https:\/\/projetos.alineacomunicacao.com.br\/valencaquimica\/shop\/\"},{\"@type\":\"ListItem\",\"position\":3,\"name\":\"Valmax Peroxy Clean 1L\"}]},{\"@type\":\"WebSite\",\"@id\":\"https:\/\/projetos.alineacomunicacao.com.br\/valencaquimica\/#website\",\"url\":\"https:\/\/projetos.alineacomunicacao.com.br\/valencaquimica\/\",\"name\":\"Valen\u00e7a Qu\u00edmica\",\"description\":\"Ind\u00fastria Qu\u00edmica em Recife\",\"publisher\":{\"@id\":\"https:\/\/projetos.alineacomunicacao.com.br\/valencaquimica\/#organization\"},\"potentialAction\":[{\"@type\":\"SearchAction\",\"target\":{\"@type\":\"EntryPoint\",\"urlTemplate\":\"https:\/\/projetos.alineacomunicacao.com.br\/valencaquimica\/?s={search_term_string}\"},\"query-input\":\"required name=search_term_string\"}],\"inLanguage\":\"pt-BR\"},{\"@type\":\"Organization\",\"@id\":\"https:\/\/projetos.alineacomunicacao.com.br\/valencaquimica\/#organization\",\"name\":\"Valen\u00e7a Qu\u00edmica\",\"url\":\"https:\/\/projetos.alineacomunicacao.com.br\/valencaquimica\/\",\"logo\":{\"@type\":\"ImageObject\",\"inLanguage\":\"pt-BR\",\"@id\":\"https:\/\/projetos.alineacomunicacao.com.br\/valencaquimica\/#\/schema\/logo\/image\/\",\"url\":\"https:\/\/projetos.alineacomunicacao.com.br\/valencaquimica\/wp-content\/uploads\/2020\/08\/LOGO-3D-VALENCA_1.png\",\"contentUrl\":\"https:\/\/projetos.alineacomunicacao.com.br\/valencaquimica\/wp-content\/uploads\/2020\/08\/LOGO-3D-VALENCA_1.png\",\"width\":833,\"height\":532,\"caption\":\"Valen\u00e7a Qu\u00edmica\"},\"image\":{\"@id\":\"https:\/\/projetos.alineacomunicacao.com.br\/valencaquimica\/#\/schema\/logo\/image\/\"}}]}<\/script>\n<!-- \/ Yoast SEO plugin. -->","yoast_head_json":{"title":"Valmax Peroxy Clean 1L - Valen\u00e7a Qu\u00edmica","robots":{"index":"index","follow":"follow","max-snippet":"max-snippet:-1","max-image-preview":"max-image-preview:large","max-video-preview":"max-video-preview:-1"},"canonical":"https:\/\/projetos.alineacomunicacao.com.br\/valencaquimica\/produto\/valmax-peroxy-clean-1l\/","og_locale":"pt_BR","og_type":"article","og_title":"Valmax Peroxy Clean 1L - Valen\u00e7a Qu\u00edmica","og_description":"Descri\u00e7\u00e3o do produto Produto com a\u00e7\u00e3o alvejante, oxidante, desodorizante e limpador para sujidades org\u00e2nicas (sangue, gorduras, \u00f3leos, graxas),manchas de ch\u00e1, caf\u00e9, vinho, mofo, bolores, fuligens e etc. Pode ser usado em pisos em geral (acr\u00edlico, cer\u00e2mica, granito, porcelanato), vinil estofados, carpetes, tapetes, metais, a\u00e7o inox, alum\u00ednio, pl\u00e1sticos, PVC, vidros, espelhos, f\u00f3rmicas, paredes, tecidos, vaso sanit\u00e1rios, rejuntes, superficiais lav\u00e1veis e etc. Possui um excelente rendimento e resultado na remo\u00e7\u00e3o dos res\u00edduos\/sujidades.  Modo de usar Produto concentrado, recomenda-se fazer uma dilui\u00e7\u00e3o (acrescentar \u00e1gua) pr\u00e9via, de acordo com o tipo de limpeza desejada. Utilize uma dilui\u00e7\u00e3o de 1\/200 do produto caso for do tipo limpeza leve\/manuten\u00e7\u00e3o, diluir 1\/50 caso for uma limpeza moderada ou uma dilui\u00e7\u00e3o de 1\/20 caso for do tipo limpeza pesada. Aplique um pouco de Valmax Peroxy Clean na dilui\u00e7\u00e3o previamente escolhida sobre a superf\u00edcie a ser limpa, deixar agir por 2 a 5 minutos, se necess\u00e1rio realizar a limpeza com o auxilio de uma m\u00e1quina pulverizadora, esponja de fibra sint\u00e9tica, vassoura, escova, mop ou similares, por fim, enxague com bastante \u00e1gua.","og_url":"https:\/\/projetos.alineacomunicacao.com.br\/valencaquimica\/produto\/valmax-peroxy-clean-1l\/","og_site_name":"Valen\u00e7a Qu\u00edmica","article_modified_time":"2023-12-12T20:57:43+00:00","og_image":[{"width":5000,"height":5000,"url":"https:\/\/projetos.alineacomunicacao.com.br\/valencaquimica\/wp-content\/uploads\/2023\/12\/Valmax-Peroxy-Clean-1L.png","type":"image\/png"}],"twitter_card":"summary_large_image","twitter_misc":{"Est. tempo de leitura":"1 minuto"},"schema":{"@context":"https:\/\/schema.org","@graph":[{"@type":"WebPage","@id":"https:\/\/projetos.alineacomunicacao.com.br\/valencaquimica\/produto\/valmax-peroxy-clean-1l\/","url":"https:\/\/projetos.alineacomunicacao.com.br\/valencaquimica\/produto\/valmax-peroxy-clean-1l\/","name":"Valmax Peroxy Clean 1L - Valen\u00e7a Qu\u00edmica","isPartOf":{"@id":"https:\/\/projetos.alineacomunicacao.com.br\/valencaquimica\/#website"},"datePublished":"2023-12-12T20:54:03+00:00","dateModified":"2023-12-12T20:57:43+00:00","breadcrumb":{"@id":"https:\/\/projetos.alineacomunicacao.com.br\/valencaquimica\/produto\/valmax-peroxy-clean-1l\/#breadcrumb"},"inLanguage":"pt-BR","potentialAction":[{"@type":"ReadAction","target":["https:\/\/projetos.alineacomunicacao.com.br\/valencaquimica\/produto\/valmax-peroxy-clean-1l\/"]}]},{"@type":"BreadcrumbList","@id":"https:\/\/projetos.alineacomunicacao.com.br\/valencaquimica\/produto\/valmax-peroxy-clean-1l\/#breadcrumb","itemListElement":[{"@type":"ListItem","position":1,"name":"In\u00edcio","item":"https:\/\/projetos.alineacomunicacao.com.br\/valencaquimica\/"},{"@type":"ListItem","position":2,"name":"Produtos","item":"https:\/\/projetos.alineacomunicacao.com.br\/valencaquimica\/shop\/"},{"@type":"ListItem","position":3,"name":"Valmax Peroxy Clean 1L"}]},{"@type":"WebSite","@id":"https:\/\/projetos.alineacomunicacao.com.br\/valencaquimica\/#website","url":"https:\/\/projetos.alineacomunicacao.com.br\/valencaquimica\/","name":"Valen\u00e7a Qu\u00edmica","description":"Ind\u00fastria Qu\u00edmica em Recife","publisher":{"@id":"https:\/\/projetos.alineacomunicacao.com.br\/valencaquimica\/#organization"},"potentialAction":[{"@type":"SearchAction","target":{"@type":"EntryPoint","urlTemplate":"https:\/\/projetos.alineacomunicacao.com.br\/valencaquimica\/?s={search_term_string}"},"query-input":"required name=search_term_string"}],"inLanguage":"pt-BR"},{"@type":"Organization","@id":"https:\/\/projetos.alineacomunicacao.com.br\/valencaquimica\/#organization","name":"Valen\u00e7a Qu\u00edmica","url":"https:\/\/projetos.alineacomunicacao.com.br\/valencaquimica\/","logo":{"@type":"ImageObject","inLanguage":"pt-BR","@id":"https:\/\/projetos.alineacomunicacao.com.br\/valencaquimica\/#\/schema\/logo\/image\/","url":"https:\/\/projetos.alineacomunicacao.com.br\/valencaquimica\/wp-content\/uploads\/2020\/08\/LOGO-3D-VALENCA_1.png","contentUrl":"https:\/\/projetos.alineacomunicacao.com.br\/valencaquimica\/wp-content\/uploads\/2020\/08\/LOGO-3D-VALENCA_1.png","width":833,"height":532,"caption":"Valen\u00e7a Qu\u00edmica"},"image":{"@id":"https:\/\/projetos.alineacomunicacao.com.br\/valencaquimica\/#\/schema\/logo\/image\/"}}]}},"_links":{"self":[{"href":"https:\/\/projetos.alineacomunicacao.com.br\/valencaquimica\/wp-json\/wp\/v2\/product\/3459"}],"collection":[{"href":"https:\/\/projetos.alineacomunicacao.com.br\/valencaquimica\/wp-json\/wp\/v2\/product"}],"about":[{"href":"https:\/\/projetos.alineacomunicacao.com.br\/valencaquimica\/wp-json\/wp\/v2\/types\/product"}],"wp:featuredmedia":[{"embeddable":true,"href":"https:\/\/projetos.alineacomunicacao.com.br\/valencaquimica\/wp-json\/wp\/v2\/media\/3461"}],"wp:attachment":[{"href":"https:\/\/projetos.alineacomunicacao.com.br\/valencaquimica\/wp-json\/wp\/v2\/media?parent=3459"}],"wp:term":[{"taxonomy":"product_cat","embeddable":true,"href":"https:\/\/projetos.alineacomunicacao.com.br\/valencaquimica\/wp-json\/wp\/v2\/product_cat?post=3459"},{"taxonomy":"product_tag","embeddable":true,"href":"https:\/\/projetos.alineacomunicacao.com.br\/valencaquimica\/wp-json\/wp\/v2\/product_tag?post=3459"}],"curies":[{"name":"wp","href":"https:\/\/api.w.org\/{rel}","templated":true}]}}