{"id":3442,"date":"2023-12-12T17:35:18","date_gmt":"2023-12-12T20:35:18","guid":{"rendered":"https:\/\/projetos.alineacomunicacao.com.br\/valencaquimica\/?post_type=product&#038;p=3442"},"modified":"2023-12-12T17:53:24","modified_gmt":"2023-12-12T20:53:24","slug":"valmax-cera-acrilica-hs-5l","status":"publish","type":"product","link":"https:\/\/projetos.alineacomunicacao.com.br\/valencaquimica\/produto\/valmax-cera-acrilica-hs-5l\/","title":{"rendered":"Valmax Cera Acr\u00edlica HS 5L"},"content":{"rendered":"","protected":false},"excerpt":{"rendered":"<p>Descri\u00e7\u00e3o do produto<br \/>\nProduto destinado para tratamento, acabamento e prote\u00e7\u00e3o em pisos em geral de estabelecimentos institucionais, possui elevada concentra\u00e7\u00e3o de pol\u00edmeros acr\u00edlicos e ceras sint\u00e9ticas em sua composi\u00e7\u00e3o, a\u00e7\u00e3o antiderrapante, efeito brilho intenso, alto rendimento, resist\u00eancia \u00e0 leve, moderada ou elevado trafego de pessoas. Lavagem com uso de polidoras H.S. e U.H.S. (m\u00e1quina High Speed e Ultra High Speed). Excelente cera auto brilho de base aquosa e n\u00e3o inflam\u00e1vel.<\/p>\n<p>Modo de usar<br \/>\nPor se tratar de um produto pronto pra uso, n\u00e3o deve fazer uma dilui\u00e7\u00e3o (acrescentar \u00e1gua) previa, Aplique no piso, selado e seco, o produto Valmax cera acr\u00edlica, usando aplicador ou MOP. Dependendo do grau de absor\u00e7\u00e3o de cada piso, aplicar no m\u00ednimo 2 ou 3 camadas, com intervalos de 20 a 30 min entre as aplica\u00e7\u00f5es.<\/p>\n","protected":false},"featured_media":3443,"template":"","meta":[],"product_cat":[94],"product_tag":[],"yoast_head":"<!-- This site is optimized with the Yoast SEO plugin v22.0 - https:\/\/yoast.com\/wordpress\/plugins\/seo\/ -->\n<title>Valmax Cera Acr\u00edlica HS 5L - Valen\u00e7a Qu\u00edmica<\/title>\n<meta name=\"robots\" content=\"index, follow, max-snippet:-1, max-image-preview:large, max-video-preview:-1\" \/>\n<link rel=\"canonical\" href=\"https:\/\/projetos.alineacomunicacao.com.br\/valencaquimica\/produto\/valmax-cera-acrilica-hs-5l\/\" \/>\n<meta property=\"og:locale\" content=\"pt_BR\" \/>\n<meta property=\"og:type\" content=\"article\" \/>\n<meta property=\"og:title\" content=\"Valmax Cera Acr\u00edlica HS 5L - Valen\u00e7a Qu\u00edmica\" \/>\n<meta property=\"og:description\" content=\"Descri\u00e7\u00e3o do produto Produto destinado para tratamento, acabamento e prote\u00e7\u00e3o em pisos em geral de estabelecimentos institucionais, possui elevada concentra\u00e7\u00e3o de pol\u00edmeros acr\u00edlicos e ceras sint\u00e9ticas em sua composi\u00e7\u00e3o, a\u00e7\u00e3o antiderrapante, efeito brilho intenso, alto rendimento, resist\u00eancia \u00e0 leve, moderada ou elevado trafego de pessoas. Lavagem com uso de polidoras H.S. e U.H.S. (m\u00e1quina High Speed e Ultra High Speed). Excelente cera auto brilho de base aquosa e n\u00e3o inflam\u00e1vel.  Modo de usar Por se tratar de um produto pronto pra uso, n\u00e3o deve fazer uma dilui\u00e7\u00e3o (acrescentar \u00e1gua) previa, Aplique no piso, selado e seco, o produto Valmax cera acr\u00edlica, usando aplicador ou MOP. Dependendo do grau de absor\u00e7\u00e3o de cada piso, aplicar no m\u00ednimo 2 ou 3 camadas, com intervalos de 20 a 30 min entre as aplica\u00e7\u00f5es.\" \/>\n<meta property=\"og:url\" content=\"https:\/\/projetos.alineacomunicacao.com.br\/valencaquimica\/produto\/valmax-cera-acrilica-hs-5l\/\" \/>\n<meta property=\"og:site_name\" content=\"Valen\u00e7a Qu\u00edmica\" \/>\n<meta property=\"article:modified_time\" content=\"2023-12-12T20:53:24+00:00\" \/>\n<meta property=\"og:image\" content=\"https:\/\/projetos.alineacomunicacao.com.br\/valencaquimica\/wp-content\/uploads\/2023\/12\/Valmax-Acril-HS-5L-1024x1024.png\" \/>\n\t<meta property=\"og:image:width\" content=\"1024\" \/>\n\t<meta property=\"og:image:height\" content=\"1024\" \/>\n\t<meta property=\"og:image:type\" content=\"image\/png\" \/>\n<meta name=\"twitter:card\" content=\"summary_large_image\" \/>\n<meta name=\"twitter:label1\" content=\"Est. tempo de leitura\" \/>\n\t<meta name=\"twitter:data1\" content=\"1 minuto\" \/>\n<script type=\"application\/ld+json\" class=\"yoast-schema-graph\">{\"@context\":\"https:\/\/schema.org\",\"@graph\":[{\"@type\":\"WebPage\",\"@id\":\"https:\/\/projetos.alineacomunicacao.com.br\/valencaquimica\/produto\/valmax-cera-acrilica-hs-5l\/\",\"url\":\"https:\/\/projetos.alineacomunicacao.com.br\/valencaquimica\/produto\/valmax-cera-acrilica-hs-5l\/\",\"name\":\"Valmax Cera Acr\u00edlica HS 5L - Valen\u00e7a Qu\u00edmica\",\"isPartOf\":{\"@id\":\"https:\/\/projetos.alineacomunicacao.com.br\/valencaquimica\/#website\"},\"datePublished\":\"2023-12-12T20:35:18+00:00\",\"dateModified\":\"2023-12-12T20:53:24+00:00\",\"breadcrumb\":{\"@id\":\"https:\/\/projetos.alineacomunicacao.com.br\/valencaquimica\/produto\/valmax-cera-acrilica-hs-5l\/#breadcrumb\"},\"inLanguage\":\"pt-BR\",\"potentialAction\":[{\"@type\":\"ReadAction\",\"target\":[\"https:\/\/projetos.alineacomunicacao.com.br\/valencaquimica\/produto\/valmax-cera-acrilica-hs-5l\/\"]}]},{\"@type\":\"BreadcrumbList\",\"@id\":\"https:\/\/projetos.alineacomunicacao.com.br\/valencaquimica\/produto\/valmax-cera-acrilica-hs-5l\/#breadcrumb\",\"itemListElement\":[{\"@type\":\"ListItem\",\"position\":1,\"name\":\"In\u00edcio\",\"item\":\"https:\/\/projetos.alineacomunicacao.com.br\/valencaquimica\/\"},{\"@type\":\"ListItem\",\"position\":2,\"name\":\"Produtos\",\"item\":\"https:\/\/projetos.alineacomunicacao.com.br\/valencaquimica\/shop\/\"},{\"@type\":\"ListItem\",\"position\":3,\"name\":\"Valmax Cera Acr\u00edlica HS 5L\"}]},{\"@type\":\"WebSite\",\"@id\":\"https:\/\/projetos.alineacomunicacao.com.br\/valencaquimica\/#website\",\"url\":\"https:\/\/projetos.alineacomunicacao.com.br\/valencaquimica\/\",\"name\":\"Valen\u00e7a Qu\u00edmica\",\"description\":\"Ind\u00fastria Qu\u00edmica em Recife\",\"publisher\":{\"@id\":\"https:\/\/projetos.alineacomunicacao.com.br\/valencaquimica\/#organization\"},\"potentialAction\":[{\"@type\":\"SearchAction\",\"target\":{\"@type\":\"EntryPoint\",\"urlTemplate\":\"https:\/\/projetos.alineacomunicacao.com.br\/valencaquimica\/?s={search_term_string}\"},\"query-input\":\"required name=search_term_string\"}],\"inLanguage\":\"pt-BR\"},{\"@type\":\"Organization\",\"@id\":\"https:\/\/projetos.alineacomunicacao.com.br\/valencaquimica\/#organization\",\"name\":\"Valen\u00e7a Qu\u00edmica\",\"url\":\"https:\/\/projetos.alineacomunicacao.com.br\/valencaquimica\/\",\"logo\":{\"@type\":\"ImageObject\",\"inLanguage\":\"pt-BR\",\"@id\":\"https:\/\/projetos.alineacomunicacao.com.br\/valencaquimica\/#\/schema\/logo\/image\/\",\"url\":\"https:\/\/projetos.alineacomunicacao.com.br\/valencaquimica\/wp-content\/uploads\/2020\/08\/LOGO-3D-VALENCA_1.png\",\"contentUrl\":\"https:\/\/projetos.alineacomunicacao.com.br\/valencaquimica\/wp-content\/uploads\/2020\/08\/LOGO-3D-VALENCA_1.png\",\"width\":833,\"height\":532,\"caption\":\"Valen\u00e7a Qu\u00edmica\"},\"image\":{\"@id\":\"https:\/\/projetos.alineacomunicacao.com.br\/valencaquimica\/#\/schema\/logo\/image\/\"}}]}<\/script>\n<!-- \/ Yoast SEO plugin. -->","yoast_head_json":{"title":"Valmax Cera Acr\u00edlica HS 5L - Valen\u00e7a Qu\u00edmica","robots":{"index":"index","follow":"follow","max-snippet":"max-snippet:-1","max-image-preview":"max-image-preview:large","max-video-preview":"max-video-preview:-1"},"canonical":"https:\/\/projetos.alineacomunicacao.com.br\/valencaquimica\/produto\/valmax-cera-acrilica-hs-5l\/","og_locale":"pt_BR","og_type":"article","og_title":"Valmax Cera Acr\u00edlica HS 5L - Valen\u00e7a Qu\u00edmica","og_description":"Descri\u00e7\u00e3o do produto Produto destinado para tratamento, acabamento e prote\u00e7\u00e3o em pisos em geral de estabelecimentos institucionais, possui elevada concentra\u00e7\u00e3o de pol\u00edmeros acr\u00edlicos e ceras sint\u00e9ticas em sua composi\u00e7\u00e3o, a\u00e7\u00e3o antiderrapante, efeito brilho intenso, alto rendimento, resist\u00eancia \u00e0 leve, moderada ou elevado trafego de pessoas. Lavagem com uso de polidoras H.S. e U.H.S. (m\u00e1quina High Speed e Ultra High Speed). Excelente cera auto brilho de base aquosa e n\u00e3o inflam\u00e1vel.  Modo de usar Por se tratar de um produto pronto pra uso, n\u00e3o deve fazer uma dilui\u00e7\u00e3o (acrescentar \u00e1gua) previa, Aplique no piso, selado e seco, o produto Valmax cera acr\u00edlica, usando aplicador ou MOP. Dependendo do grau de absor\u00e7\u00e3o de cada piso, aplicar no m\u00ednimo 2 ou 3 camadas, com intervalos de 20 a 30 min entre as aplica\u00e7\u00f5es.","og_url":"https:\/\/projetos.alineacomunicacao.com.br\/valencaquimica\/produto\/valmax-cera-acrilica-hs-5l\/","og_site_name":"Valen\u00e7a Qu\u00edmica","article_modified_time":"2023-12-12T20:53:24+00:00","og_image":[{"width":1024,"height":1024,"url":"https:\/\/projetos.alineacomunicacao.com.br\/valencaquimica\/wp-content\/uploads\/2023\/12\/Valmax-Acril-HS-5L-1024x1024.png","type":"image\/png"}],"twitter_card":"summary_large_image","twitter_misc":{"Est. tempo de leitura":"1 minuto"},"schema":{"@context":"https:\/\/schema.org","@graph":[{"@type":"WebPage","@id":"https:\/\/projetos.alineacomunicacao.com.br\/valencaquimica\/produto\/valmax-cera-acrilica-hs-5l\/","url":"https:\/\/projetos.alineacomunicacao.com.br\/valencaquimica\/produto\/valmax-cera-acrilica-hs-5l\/","name":"Valmax Cera Acr\u00edlica HS 5L - Valen\u00e7a Qu\u00edmica","isPartOf":{"@id":"https:\/\/projetos.alineacomunicacao.com.br\/valencaquimica\/#website"},"datePublished":"2023-12-12T20:35:18+00:00","dateModified":"2023-12-12T20:53:24+00:00","breadcrumb":{"@id":"https:\/\/projetos.alineacomunicacao.com.br\/valencaquimica\/produto\/valmax-cera-acrilica-hs-5l\/#breadcrumb"},"inLanguage":"pt-BR","potentialAction":[{"@type":"ReadAction","target":["https:\/\/projetos.alineacomunicacao.com.br\/valencaquimica\/produto\/valmax-cera-acrilica-hs-5l\/"]}]},{"@type":"BreadcrumbList","@id":"https:\/\/projetos.alineacomunicacao.com.br\/valencaquimica\/produto\/valmax-cera-acrilica-hs-5l\/#breadcrumb","itemListElement":[{"@type":"ListItem","position":1,"name":"In\u00edcio","item":"https:\/\/projetos.alineacomunicacao.com.br\/valencaquimica\/"},{"@type":"ListItem","position":2,"name":"Produtos","item":"https:\/\/projetos.alineacomunicacao.com.br\/valencaquimica\/shop\/"},{"@type":"ListItem","position":3,"name":"Valmax Cera Acr\u00edlica HS 5L"}]},{"@type":"WebSite","@id":"https:\/\/projetos.alineacomunicacao.com.br\/valencaquimica\/#website","url":"https:\/\/projetos.alineacomunicacao.com.br\/valencaquimica\/","name":"Valen\u00e7a Qu\u00edmica","description":"Ind\u00fastria Qu\u00edmica em Recife","publisher":{"@id":"https:\/\/projetos.alineacomunicacao.com.br\/valencaquimica\/#organization"},"potentialAction":[{"@type":"SearchAction","target":{"@type":"EntryPoint","urlTemplate":"https:\/\/projetos.alineacomunicacao.com.br\/valencaquimica\/?s={search_term_string}"},"query-input":"required name=search_term_string"}],"inLanguage":"pt-BR"},{"@type":"Organization","@id":"https:\/\/projetos.alineacomunicacao.com.br\/valencaquimica\/#organization","name":"Valen\u00e7a Qu\u00edmica","url":"https:\/\/projetos.alineacomunicacao.com.br\/valencaquimica\/","logo":{"@type":"ImageObject","inLanguage":"pt-BR","@id":"https:\/\/projetos.alineacomunicacao.com.br\/valencaquimica\/#\/schema\/logo\/image\/","url":"https:\/\/projetos.alineacomunicacao.com.br\/valencaquimica\/wp-content\/uploads\/2020\/08\/LOGO-3D-VALENCA_1.png","contentUrl":"https:\/\/projetos.alineacomunicacao.com.br\/valencaquimica\/wp-content\/uploads\/2020\/08\/LOGO-3D-VALENCA_1.png","width":833,"height":532,"caption":"Valen\u00e7a Qu\u00edmica"},"image":{"@id":"https:\/\/projetos.alineacomunicacao.com.br\/valencaquimica\/#\/schema\/logo\/image\/"}}]}},"_links":{"self":[{"href":"https:\/\/projetos.alineacomunicacao.com.br\/valencaquimica\/wp-json\/wp\/v2\/product\/3442"}],"collection":[{"href":"https:\/\/projetos.alineacomunicacao.com.br\/valencaquimica\/wp-json\/wp\/v2\/product"}],"about":[{"href":"https:\/\/projetos.alineacomunicacao.com.br\/valencaquimica\/wp-json\/wp\/v2\/types\/product"}],"wp:featuredmedia":[{"embeddable":true,"href":"https:\/\/projetos.alineacomunicacao.com.br\/valencaquimica\/wp-json\/wp\/v2\/media\/3443"}],"wp:attachment":[{"href":"https:\/\/projetos.alineacomunicacao.com.br\/valencaquimica\/wp-json\/wp\/v2\/media?parent=3442"}],"wp:term":[{"taxonomy":"product_cat","embeddable":true,"href":"https:\/\/projetos.alineacomunicacao.com.br\/valencaquimica\/wp-json\/wp\/v2\/product_cat?post=3442"},{"taxonomy":"product_tag","embeddable":true,"href":"https:\/\/projetos.alineacomunicacao.com.br\/valencaquimica\/wp-json\/wp\/v2\/product_tag?post=3442"}],"curies":[{"name":"wp","href":"https:\/\/api.w.org\/{rel}","templated":true}]}}