{"id":2113,"date":"2021-06-22T16:34:44","date_gmt":"2021-06-22T19:34:44","guid":{"rendered":"https:\/\/www.valencaquimica.com.br\/?post_type=product&#038;p=2113"},"modified":"2023-12-07T17:17:52","modified_gmt":"2023-12-07T20:17:52","slug":"detergente-automotivo-5l","status":"publish","type":"product","link":"https:\/\/projetos.alineacomunicacao.com.br\/valencaquimica\/produto\/detergente-automotivo-5l\/","title":{"rendered":"Detergente Automotivo 5L"},"content":{"rendered":"","protected":false},"excerpt":{"rendered":"<p>Descri\u00e7\u00e3o do produto<\/p>\n<p>Detergente automotivo no formato pronto para uso, para limpeza geral de autom\u00f3veis.<\/p>\n<p>Modo de usar<\/p>\n<p>Por se tratar de um produto pronto pra uso, n\u00e3o deve ser feita uma dilui\u00e7\u00e3o (acrescentar agua) previa. Aplique um pouco de detergente automotivo em um pano ou estopa previamente umidecida e esfregue por toda as partes externas do automovel, em seguida enxague de modo a remover todo o produto, por fim, passe um pano seco para remo\u00e7\u00e3o do excesso de agua.<\/p>\n","protected":false},"featured_media":2399,"template":"","meta":[],"product_cat":[18],"product_tag":[],"yoast_head":"<!-- This site is optimized with the Yoast SEO plugin v22.0 - https:\/\/yoast.com\/wordpress\/plugins\/seo\/ -->\n<title>Detergente Automotivo 5L - Valen\u00e7a Qu\u00edmica<\/title>\n<meta name=\"robots\" content=\"index, follow, max-snippet:-1, max-image-preview:large, max-video-preview:-1\" \/>\n<link rel=\"canonical\" href=\"https:\/\/projetos.alineacomunicacao.com.br\/valencaquimica\/produto\/detergente-automotivo-5l\/\" \/>\n<meta property=\"og:locale\" content=\"pt_BR\" \/>\n<meta property=\"og:type\" content=\"article\" \/>\n<meta property=\"og:title\" content=\"Detergente Automotivo 5L - Valen\u00e7a Qu\u00edmica\" \/>\n<meta property=\"og:description\" content=\"Descri\u00e7\u00e3o do produto  Detergente automotivo no formato pronto para uso, para limpeza geral de autom\u00f3veis.  Modo de usar  Por se tratar de um produto pronto pra uso, n\u00e3o deve ser feita uma dilui\u00e7\u00e3o (acrescentar agua) previa. Aplique um pouco de detergente automotivo em um pano ou estopa previamente umidecida e esfregue por toda as partes externas do automovel, em seguida enxague de modo a remover todo o produto, por fim, passe um pano seco para remo\u00e7\u00e3o do excesso de agua.\" \/>\n<meta property=\"og:url\" content=\"https:\/\/projetos.alineacomunicacao.com.br\/valencaquimica\/produto\/detergente-automotivo-5l\/\" \/>\n<meta property=\"og:site_name\" content=\"Valen\u00e7a Qu\u00edmica\" \/>\n<meta property=\"article:modified_time\" content=\"2023-12-07T20:17:52+00:00\" \/>\n<meta property=\"og:image\" content=\"https:\/\/projetos.alineacomunicacao.com.br\/valencaquimica\/wp-content\/uploads\/2021\/06\/automotivo-5l.png\" \/>\n\t<meta property=\"og:image:width\" content=\"1080\" \/>\n\t<meta property=\"og:image:height\" content=\"1080\" \/>\n\t<meta property=\"og:image:type\" content=\"image\/png\" \/>\n<meta name=\"twitter:card\" content=\"summary_large_image\" \/>\n<script type=\"application\/ld+json\" class=\"yoast-schema-graph\">{\"@context\":\"https:\/\/schema.org\",\"@graph\":[{\"@type\":\"WebPage\",\"@id\":\"https:\/\/projetos.alineacomunicacao.com.br\/valencaquimica\/produto\/detergente-automotivo-5l\/\",\"url\":\"https:\/\/projetos.alineacomunicacao.com.br\/valencaquimica\/produto\/detergente-automotivo-5l\/\",\"name\":\"Detergente Automotivo 5L - Valen\u00e7a Qu\u00edmica\",\"isPartOf\":{\"@id\":\"https:\/\/projetos.alineacomunicacao.com.br\/valencaquimica\/#website\"},\"datePublished\":\"2021-06-22T19:34:44+00:00\",\"dateModified\":\"2023-12-07T20:17:52+00:00\",\"breadcrumb\":{\"@id\":\"https:\/\/projetos.alineacomunicacao.com.br\/valencaquimica\/produto\/detergente-automotivo-5l\/#breadcrumb\"},\"inLanguage\":\"pt-BR\",\"potentialAction\":[{\"@type\":\"ReadAction\",\"target\":[\"https:\/\/projetos.alineacomunicacao.com.br\/valencaquimica\/produto\/detergente-automotivo-5l\/\"]}]},{\"@type\":\"BreadcrumbList\",\"@id\":\"https:\/\/projetos.alineacomunicacao.com.br\/valencaquimica\/produto\/detergente-automotivo-5l\/#breadcrumb\",\"itemListElement\":[{\"@type\":\"ListItem\",\"position\":1,\"name\":\"In\u00edcio\",\"item\":\"https:\/\/projetos.alineacomunicacao.com.br\/valencaquimica\/\"},{\"@type\":\"ListItem\",\"position\":2,\"name\":\"Produtos\",\"item\":\"https:\/\/projetos.alineacomunicacao.com.br\/valencaquimica\/shop\/\"},{\"@type\":\"ListItem\",\"position\":3,\"name\":\"Detergente Automotivo 5L\"}]},{\"@type\":\"WebSite\",\"@id\":\"https:\/\/projetos.alineacomunicacao.com.br\/valencaquimica\/#website\",\"url\":\"https:\/\/projetos.alineacomunicacao.com.br\/valencaquimica\/\",\"name\":\"Valen\u00e7a Qu\u00edmica\",\"description\":\"Ind\u00fastria Qu\u00edmica em Recife\",\"publisher\":{\"@id\":\"https:\/\/projetos.alineacomunicacao.com.br\/valencaquimica\/#organization\"},\"potentialAction\":[{\"@type\":\"SearchAction\",\"target\":{\"@type\":\"EntryPoint\",\"urlTemplate\":\"https:\/\/projetos.alineacomunicacao.com.br\/valencaquimica\/?s={search_term_string}\"},\"query-input\":\"required name=search_term_string\"}],\"inLanguage\":\"pt-BR\"},{\"@type\":\"Organization\",\"@id\":\"https:\/\/projetos.alineacomunicacao.com.br\/valencaquimica\/#organization\",\"name\":\"Valen\u00e7a Qu\u00edmica\",\"url\":\"https:\/\/projetos.alineacomunicacao.com.br\/valencaquimica\/\",\"logo\":{\"@type\":\"ImageObject\",\"inLanguage\":\"pt-BR\",\"@id\":\"https:\/\/projetos.alineacomunicacao.com.br\/valencaquimica\/#\/schema\/logo\/image\/\",\"url\":\"https:\/\/projetos.alineacomunicacao.com.br\/valencaquimica\/wp-content\/uploads\/2020\/08\/LOGO-3D-VALENCA_1.png\",\"contentUrl\":\"https:\/\/projetos.alineacomunicacao.com.br\/valencaquimica\/wp-content\/uploads\/2020\/08\/LOGO-3D-VALENCA_1.png\",\"width\":833,\"height\":532,\"caption\":\"Valen\u00e7a Qu\u00edmica\"},\"image\":{\"@id\":\"https:\/\/projetos.alineacomunicacao.com.br\/valencaquimica\/#\/schema\/logo\/image\/\"}}]}<\/script>\n<!-- \/ Yoast SEO plugin. -->","yoast_head_json":{"title":"Detergente Automotivo 5L - Valen\u00e7a Qu\u00edmica","robots":{"index":"index","follow":"follow","max-snippet":"max-snippet:-1","max-image-preview":"max-image-preview:large","max-video-preview":"max-video-preview:-1"},"canonical":"https:\/\/projetos.alineacomunicacao.com.br\/valencaquimica\/produto\/detergente-automotivo-5l\/","og_locale":"pt_BR","og_type":"article","og_title":"Detergente Automotivo 5L - Valen\u00e7a Qu\u00edmica","og_description":"Descri\u00e7\u00e3o do produto  Detergente automotivo no formato pronto para uso, para limpeza geral de autom\u00f3veis.  Modo de usar  Por se tratar de um produto pronto pra uso, n\u00e3o deve ser feita uma dilui\u00e7\u00e3o (acrescentar agua) previa. Aplique um pouco de detergente automotivo em um pano ou estopa previamente umidecida e esfregue por toda as partes externas do automovel, em seguida enxague de modo a remover todo o produto, por fim, passe um pano seco para remo\u00e7\u00e3o do excesso de agua.","og_url":"https:\/\/projetos.alineacomunicacao.com.br\/valencaquimica\/produto\/detergente-automotivo-5l\/","og_site_name":"Valen\u00e7a Qu\u00edmica","article_modified_time":"2023-12-07T20:17:52+00:00","og_image":[{"width":1080,"height":1080,"url":"https:\/\/projetos.alineacomunicacao.com.br\/valencaquimica\/wp-content\/uploads\/2021\/06\/automotivo-5l.png","type":"image\/png"}],"twitter_card":"summary_large_image","schema":{"@context":"https:\/\/schema.org","@graph":[{"@type":"WebPage","@id":"https:\/\/projetos.alineacomunicacao.com.br\/valencaquimica\/produto\/detergente-automotivo-5l\/","url":"https:\/\/projetos.alineacomunicacao.com.br\/valencaquimica\/produto\/detergente-automotivo-5l\/","name":"Detergente Automotivo 5L - Valen\u00e7a Qu\u00edmica","isPartOf":{"@id":"https:\/\/projetos.alineacomunicacao.com.br\/valencaquimica\/#website"},"datePublished":"2021-06-22T19:34:44+00:00","dateModified":"2023-12-07T20:17:52+00:00","breadcrumb":{"@id":"https:\/\/projetos.alineacomunicacao.com.br\/valencaquimica\/produto\/detergente-automotivo-5l\/#breadcrumb"},"inLanguage":"pt-BR","potentialAction":[{"@type":"ReadAction","target":["https:\/\/projetos.alineacomunicacao.com.br\/valencaquimica\/produto\/detergente-automotivo-5l\/"]}]},{"@type":"BreadcrumbList","@id":"https:\/\/projetos.alineacomunicacao.com.br\/valencaquimica\/produto\/detergente-automotivo-5l\/#breadcrumb","itemListElement":[{"@type":"ListItem","position":1,"name":"In\u00edcio","item":"https:\/\/projetos.alineacomunicacao.com.br\/valencaquimica\/"},{"@type":"ListItem","position":2,"name":"Produtos","item":"https:\/\/projetos.alineacomunicacao.com.br\/valencaquimica\/shop\/"},{"@type":"ListItem","position":3,"name":"Detergente Automotivo 5L"}]},{"@type":"WebSite","@id":"https:\/\/projetos.alineacomunicacao.com.br\/valencaquimica\/#website","url":"https:\/\/projetos.alineacomunicacao.com.br\/valencaquimica\/","name":"Valen\u00e7a Qu\u00edmica","description":"Ind\u00fastria Qu\u00edmica em Recife","publisher":{"@id":"https:\/\/projetos.alineacomunicacao.com.br\/valencaquimica\/#organization"},"potentialAction":[{"@type":"SearchAction","target":{"@type":"EntryPoint","urlTemplate":"https:\/\/projetos.alineacomunicacao.com.br\/valencaquimica\/?s={search_term_string}"},"query-input":"required name=search_term_string"}],"inLanguage":"pt-BR"},{"@type":"Organization","@id":"https:\/\/projetos.alineacomunicacao.com.br\/valencaquimica\/#organization","name":"Valen\u00e7a Qu\u00edmica","url":"https:\/\/projetos.alineacomunicacao.com.br\/valencaquimica\/","logo":{"@type":"ImageObject","inLanguage":"pt-BR","@id":"https:\/\/projetos.alineacomunicacao.com.br\/valencaquimica\/#\/schema\/logo\/image\/","url":"https:\/\/projetos.alineacomunicacao.com.br\/valencaquimica\/wp-content\/uploads\/2020\/08\/LOGO-3D-VALENCA_1.png","contentUrl":"https:\/\/projetos.alineacomunicacao.com.br\/valencaquimica\/wp-content\/uploads\/2020\/08\/LOGO-3D-VALENCA_1.png","width":833,"height":532,"caption":"Valen\u00e7a Qu\u00edmica"},"image":{"@id":"https:\/\/projetos.alineacomunicacao.com.br\/valencaquimica\/#\/schema\/logo\/image\/"}}]}},"_links":{"self":[{"href":"https:\/\/projetos.alineacomunicacao.com.br\/valencaquimica\/wp-json\/wp\/v2\/product\/2113"}],"collection":[{"href":"https:\/\/projetos.alineacomunicacao.com.br\/valencaquimica\/wp-json\/wp\/v2\/product"}],"about":[{"href":"https:\/\/projetos.alineacomunicacao.com.br\/valencaquimica\/wp-json\/wp\/v2\/types\/product"}],"wp:featuredmedia":[{"embeddable":true,"href":"https:\/\/projetos.alineacomunicacao.com.br\/valencaquimica\/wp-json\/wp\/v2\/media\/2399"}],"wp:attachment":[{"href":"https:\/\/projetos.alineacomunicacao.com.br\/valencaquimica\/wp-json\/wp\/v2\/media?parent=2113"}],"wp:term":[{"taxonomy":"product_cat","embeddable":true,"href":"https:\/\/projetos.alineacomunicacao.com.br\/valencaquimica\/wp-json\/wp\/v2\/product_cat?post=2113"},{"taxonomy":"product_tag","embeddable":true,"href":"https:\/\/projetos.alineacomunicacao.com.br\/valencaquimica\/wp-json\/wp\/v2\/product_tag?post=2113"}],"curies":[{"name":"wp","href":"https:\/\/api.w.org\/{rel}","templated":true}]}}