{"id":2055,"date":"2021-06-15T21:09:16","date_gmt":"2021-06-16T00:09:16","guid":{"rendered":"https:\/\/www.valencaquimica.com.br\/?post_type=product&#038;p=2055"},"modified":"2023-12-10T15:53:59","modified_gmt":"2023-12-10T18:53:59","slug":"sabao-limpa-piso-5l-2","status":"publish","type":"product","link":"https:\/\/projetos.alineacomunicacao.com.br\/valencaquimica\/produto\/sabao-limpa-piso-5l-2\/","title":{"rendered":"Sab\u00e3o Limpa Piso 5L"},"content":{"rendered":"","protected":false},"excerpt":{"rendered":"<p>Descri\u00e7\u00e3o do produto<br \/>\nSab\u00e3o limpa piso no formato pronto para uso, para limpeza completa de pisos em geral, por exemplo acr\u00edlico, porcelanato, cer\u00e2mica e etc. .<\/p>\n<p>Modo de usar<br \/>\nPor se tratar de um produto pronto pra uso, n\u00e3o deve ser feita uma dilui\u00e7\u00e3o (acrescentar agua) previa. Aplique um pouco de Sab\u00e3o limpa piso na superf\u00edcie que deseja limpar, acrescente um pouco de agua, com um esfreg\u00e3o fa\u00e7a movimentos circulares esfregando o produto na superf\u00edcie, at\u00e9 que toda sujidade seja removida, enxague com bastante agua removendo todo o produto, por fim, passe um pano seco para remo\u00e7\u00e3o do excesso de \u00e1gua.<\/p>\n","protected":false},"featured_media":2056,"template":"","meta":[],"product_cat":[22,24],"product_tag":[],"yoast_head":"<!-- This site is optimized with the Yoast SEO plugin v22.0 - https:\/\/yoast.com\/wordpress\/plugins\/seo\/ -->\n<title>Sab\u00e3o Limpa Piso 5L - Valen\u00e7a Qu\u00edmica<\/title>\n<meta name=\"robots\" content=\"index, follow, max-snippet:-1, max-image-preview:large, max-video-preview:-1\" \/>\n<link rel=\"canonical\" href=\"https:\/\/projetos.alineacomunicacao.com.br\/valencaquimica\/produto\/sabao-limpa-piso-5l-2\/\" \/>\n<meta property=\"og:locale\" content=\"pt_BR\" \/>\n<meta property=\"og:type\" content=\"article\" \/>\n<meta property=\"og:title\" content=\"Sab\u00e3o Limpa Piso 5L - Valen\u00e7a Qu\u00edmica\" \/>\n<meta property=\"og:description\" content=\"Descri\u00e7\u00e3o do produto Sab\u00e3o limpa piso no formato pronto para uso, para limpeza completa de pisos em geral, por exemplo acr\u00edlico, porcelanato, cer\u00e2mica e etc. .  Modo de usar Por se tratar de um produto pronto pra uso, n\u00e3o deve ser feita uma dilui\u00e7\u00e3o (acrescentar agua) previa. Aplique um pouco de Sab\u00e3o limpa piso na superf\u00edcie que deseja limpar, acrescente um pouco de agua, com um esfreg\u00e3o fa\u00e7a movimentos circulares esfregando o produto na superf\u00edcie, at\u00e9 que toda sujidade seja removida, enxague com bastante agua removendo todo o produto, por fim, passe um pano seco para remo\u00e7\u00e3o do excesso de \u00e1gua.\" \/>\n<meta property=\"og:url\" content=\"https:\/\/projetos.alineacomunicacao.com.br\/valencaquimica\/produto\/sabao-limpa-piso-5l-2\/\" \/>\n<meta property=\"og:site_name\" content=\"Valen\u00e7a Qu\u00edmica\" \/>\n<meta property=\"article:modified_time\" content=\"2023-12-10T18:53:59+00:00\" \/>\n<meta property=\"og:image\" content=\"https:\/\/projetos.alineacomunicacao.com.br\/valencaquimica\/wp-content\/uploads\/2021\/06\/sabao-limpa-piso.png\" \/>\n\t<meta property=\"og:image:width\" content=\"500\" \/>\n\t<meta property=\"og:image:height\" content=\"500\" \/>\n\t<meta property=\"og:image:type\" content=\"image\/png\" \/>\n<meta name=\"twitter:card\" content=\"summary_large_image\" \/>\n<script type=\"application\/ld+json\" class=\"yoast-schema-graph\">{\"@context\":\"https:\/\/schema.org\",\"@graph\":[{\"@type\":\"WebPage\",\"@id\":\"https:\/\/projetos.alineacomunicacao.com.br\/valencaquimica\/produto\/sabao-limpa-piso-5l-2\/\",\"url\":\"https:\/\/projetos.alineacomunicacao.com.br\/valencaquimica\/produto\/sabao-limpa-piso-5l-2\/\",\"name\":\"Sab\u00e3o Limpa Piso 5L - Valen\u00e7a Qu\u00edmica\",\"isPartOf\":{\"@id\":\"https:\/\/projetos.alineacomunicacao.com.br\/valencaquimica\/#website\"},\"datePublished\":\"2021-06-16T00:09:16+00:00\",\"dateModified\":\"2023-12-10T18:53:59+00:00\",\"breadcrumb\":{\"@id\":\"https:\/\/projetos.alineacomunicacao.com.br\/valencaquimica\/produto\/sabao-limpa-piso-5l-2\/#breadcrumb\"},\"inLanguage\":\"pt-BR\",\"potentialAction\":[{\"@type\":\"ReadAction\",\"target\":[\"https:\/\/projetos.alineacomunicacao.com.br\/valencaquimica\/produto\/sabao-limpa-piso-5l-2\/\"]}]},{\"@type\":\"BreadcrumbList\",\"@id\":\"https:\/\/projetos.alineacomunicacao.com.br\/valencaquimica\/produto\/sabao-limpa-piso-5l-2\/#breadcrumb\",\"itemListElement\":[{\"@type\":\"ListItem\",\"position\":1,\"name\":\"In\u00edcio\",\"item\":\"https:\/\/projetos.alineacomunicacao.com.br\/valencaquimica\/\"},{\"@type\":\"ListItem\",\"position\":2,\"name\":\"Produtos\",\"item\":\"https:\/\/projetos.alineacomunicacao.com.br\/valencaquimica\/shop\/\"},{\"@type\":\"ListItem\",\"position\":3,\"name\":\"Sab\u00e3o Limpa Piso 5L\"}]},{\"@type\":\"WebSite\",\"@id\":\"https:\/\/projetos.alineacomunicacao.com.br\/valencaquimica\/#website\",\"url\":\"https:\/\/projetos.alineacomunicacao.com.br\/valencaquimica\/\",\"name\":\"Valen\u00e7a Qu\u00edmica\",\"description\":\"Ind\u00fastria Qu\u00edmica em Recife\",\"publisher\":{\"@id\":\"https:\/\/projetos.alineacomunicacao.com.br\/valencaquimica\/#organization\"},\"potentialAction\":[{\"@type\":\"SearchAction\",\"target\":{\"@type\":\"EntryPoint\",\"urlTemplate\":\"https:\/\/projetos.alineacomunicacao.com.br\/valencaquimica\/?s={search_term_string}\"},\"query-input\":\"required name=search_term_string\"}],\"inLanguage\":\"pt-BR\"},{\"@type\":\"Organization\",\"@id\":\"https:\/\/projetos.alineacomunicacao.com.br\/valencaquimica\/#organization\",\"name\":\"Valen\u00e7a Qu\u00edmica\",\"url\":\"https:\/\/projetos.alineacomunicacao.com.br\/valencaquimica\/\",\"logo\":{\"@type\":\"ImageObject\",\"inLanguage\":\"pt-BR\",\"@id\":\"https:\/\/projetos.alineacomunicacao.com.br\/valencaquimica\/#\/schema\/logo\/image\/\",\"url\":\"https:\/\/projetos.alineacomunicacao.com.br\/valencaquimica\/wp-content\/uploads\/2020\/08\/LOGO-3D-VALENCA_1.png\",\"contentUrl\":\"https:\/\/projetos.alineacomunicacao.com.br\/valencaquimica\/wp-content\/uploads\/2020\/08\/LOGO-3D-VALENCA_1.png\",\"width\":833,\"height\":532,\"caption\":\"Valen\u00e7a Qu\u00edmica\"},\"image\":{\"@id\":\"https:\/\/projetos.alineacomunicacao.com.br\/valencaquimica\/#\/schema\/logo\/image\/\"}}]}<\/script>\n<!-- \/ Yoast SEO plugin. -->","yoast_head_json":{"title":"Sab\u00e3o Limpa Piso 5L - Valen\u00e7a Qu\u00edmica","robots":{"index":"index","follow":"follow","max-snippet":"max-snippet:-1","max-image-preview":"max-image-preview:large","max-video-preview":"max-video-preview:-1"},"canonical":"https:\/\/projetos.alineacomunicacao.com.br\/valencaquimica\/produto\/sabao-limpa-piso-5l-2\/","og_locale":"pt_BR","og_type":"article","og_title":"Sab\u00e3o Limpa Piso 5L - Valen\u00e7a Qu\u00edmica","og_description":"Descri\u00e7\u00e3o do produto Sab\u00e3o limpa piso no formato pronto para uso, para limpeza completa de pisos em geral, por exemplo acr\u00edlico, porcelanato, cer\u00e2mica e etc. .  Modo de usar Por se tratar de um produto pronto pra uso, n\u00e3o deve ser feita uma dilui\u00e7\u00e3o (acrescentar agua) previa. Aplique um pouco de Sab\u00e3o limpa piso na superf\u00edcie que deseja limpar, acrescente um pouco de agua, com um esfreg\u00e3o fa\u00e7a movimentos circulares esfregando o produto na superf\u00edcie, at\u00e9 que toda sujidade seja removida, enxague com bastante agua removendo todo o produto, por fim, passe um pano seco para remo\u00e7\u00e3o do excesso de \u00e1gua.","og_url":"https:\/\/projetos.alineacomunicacao.com.br\/valencaquimica\/produto\/sabao-limpa-piso-5l-2\/","og_site_name":"Valen\u00e7a Qu\u00edmica","article_modified_time":"2023-12-10T18:53:59+00:00","og_image":[{"width":500,"height":500,"url":"https:\/\/projetos.alineacomunicacao.com.br\/valencaquimica\/wp-content\/uploads\/2021\/06\/sabao-limpa-piso.png","type":"image\/png"}],"twitter_card":"summary_large_image","schema":{"@context":"https:\/\/schema.org","@graph":[{"@type":"WebPage","@id":"https:\/\/projetos.alineacomunicacao.com.br\/valencaquimica\/produto\/sabao-limpa-piso-5l-2\/","url":"https:\/\/projetos.alineacomunicacao.com.br\/valencaquimica\/produto\/sabao-limpa-piso-5l-2\/","name":"Sab\u00e3o Limpa Piso 5L - Valen\u00e7a Qu\u00edmica","isPartOf":{"@id":"https:\/\/projetos.alineacomunicacao.com.br\/valencaquimica\/#website"},"datePublished":"2021-06-16T00:09:16+00:00","dateModified":"2023-12-10T18:53:59+00:00","breadcrumb":{"@id":"https:\/\/projetos.alineacomunicacao.com.br\/valencaquimica\/produto\/sabao-limpa-piso-5l-2\/#breadcrumb"},"inLanguage":"pt-BR","potentialAction":[{"@type":"ReadAction","target":["https:\/\/projetos.alineacomunicacao.com.br\/valencaquimica\/produto\/sabao-limpa-piso-5l-2\/"]}]},{"@type":"BreadcrumbList","@id":"https:\/\/projetos.alineacomunicacao.com.br\/valencaquimica\/produto\/sabao-limpa-piso-5l-2\/#breadcrumb","itemListElement":[{"@type":"ListItem","position":1,"name":"In\u00edcio","item":"https:\/\/projetos.alineacomunicacao.com.br\/valencaquimica\/"},{"@type":"ListItem","position":2,"name":"Produtos","item":"https:\/\/projetos.alineacomunicacao.com.br\/valencaquimica\/shop\/"},{"@type":"ListItem","position":3,"name":"Sab\u00e3o Limpa Piso 5L"}]},{"@type":"WebSite","@id":"https:\/\/projetos.alineacomunicacao.com.br\/valencaquimica\/#website","url":"https:\/\/projetos.alineacomunicacao.com.br\/valencaquimica\/","name":"Valen\u00e7a Qu\u00edmica","description":"Ind\u00fastria Qu\u00edmica em Recife","publisher":{"@id":"https:\/\/projetos.alineacomunicacao.com.br\/valencaquimica\/#organization"},"potentialAction":[{"@type":"SearchAction","target":{"@type":"EntryPoint","urlTemplate":"https:\/\/projetos.alineacomunicacao.com.br\/valencaquimica\/?s={search_term_string}"},"query-input":"required name=search_term_string"}],"inLanguage":"pt-BR"},{"@type":"Organization","@id":"https:\/\/projetos.alineacomunicacao.com.br\/valencaquimica\/#organization","name":"Valen\u00e7a Qu\u00edmica","url":"https:\/\/projetos.alineacomunicacao.com.br\/valencaquimica\/","logo":{"@type":"ImageObject","inLanguage":"pt-BR","@id":"https:\/\/projetos.alineacomunicacao.com.br\/valencaquimica\/#\/schema\/logo\/image\/","url":"https:\/\/projetos.alineacomunicacao.com.br\/valencaquimica\/wp-content\/uploads\/2020\/08\/LOGO-3D-VALENCA_1.png","contentUrl":"https:\/\/projetos.alineacomunicacao.com.br\/valencaquimica\/wp-content\/uploads\/2020\/08\/LOGO-3D-VALENCA_1.png","width":833,"height":532,"caption":"Valen\u00e7a Qu\u00edmica"},"image":{"@id":"https:\/\/projetos.alineacomunicacao.com.br\/valencaquimica\/#\/schema\/logo\/image\/"}}]}},"_links":{"self":[{"href":"https:\/\/projetos.alineacomunicacao.com.br\/valencaquimica\/wp-json\/wp\/v2\/product\/2055"}],"collection":[{"href":"https:\/\/projetos.alineacomunicacao.com.br\/valencaquimica\/wp-json\/wp\/v2\/product"}],"about":[{"href":"https:\/\/projetos.alineacomunicacao.com.br\/valencaquimica\/wp-json\/wp\/v2\/types\/product"}],"wp:featuredmedia":[{"embeddable":true,"href":"https:\/\/projetos.alineacomunicacao.com.br\/valencaquimica\/wp-json\/wp\/v2\/media\/2056"}],"wp:attachment":[{"href":"https:\/\/projetos.alineacomunicacao.com.br\/valencaquimica\/wp-json\/wp\/v2\/media?parent=2055"}],"wp:term":[{"taxonomy":"product_cat","embeddable":true,"href":"https:\/\/projetos.alineacomunicacao.com.br\/valencaquimica\/wp-json\/wp\/v2\/product_cat?post=2055"},{"taxonomy":"product_tag","embeddable":true,"href":"https:\/\/projetos.alineacomunicacao.com.br\/valencaquimica\/wp-json\/wp\/v2\/product_tag?post=2055"}],"curies":[{"name":"wp","href":"https:\/\/api.w.org\/{rel}","templated":true}]}}