{"id":1490,"date":"2021-01-21T16:58:56","date_gmt":"2021-01-21T19:58:56","guid":{"rendered":"https:\/\/www.valencaquimica.com.br\/?post_type=product&#038;p=1490"},"modified":"2023-12-10T16:13:34","modified_gmt":"2023-12-10T19:13:34","slug":"silicone-liquido-5l","status":"publish","type":"product","link":"https:\/\/projetos.alineacomunicacao.com.br\/valencaquimica\/produto\/silicone-liquido-5l\/","title":{"rendered":"Silicone L\u00edquido 5L"},"content":{"rendered":"","protected":false},"excerpt":{"rendered":"<p>Descri\u00e7\u00e3o do produto<br \/>\nSilicone l\u00edquido no formato pronto para uso, com finalidade de conservar pe\u00e7as feitas de borracha ou pl\u00e1stico em geral, podendo ser aplicado nos diferentes tipos de segmentos de pe\u00e7as, por exemplo, pe\u00e7as de pain\u00e9is, m\u00f3veis, ferramentas, equipamentos, portas, etc. Garantindo maior durabilidade e brilho no local.<\/p>\n<p>Modo de usar<br \/>\nPor se tratar de um produto pronto pra uso, n\u00e3o deve ser feita uma dilui\u00e7\u00e3o (acrescentar \u00e1gua) previa. Ap\u00f3s limpar e secar previamente a pe\u00e7a feita de borracha ou pl\u00e1stico, aplique um pouco de silicone l\u00edquido, espalhe o produto com uma esponja ou flanela macia e limpa de modo uniforme at\u00e9 cobrir toda \u00e1rea a ser conservada, por fim, aguarde entre 5 a 10 minutos para que o produto seque e fique aderido \u00e0 superf\u00edcie. Retirar todo o excesso.<\/p>\n","protected":false},"featured_media":1491,"template":"","meta":[],"product_cat":[18],"product_tag":[],"yoast_head":"<!-- This site is optimized with the Yoast SEO plugin v22.0 - https:\/\/yoast.com\/wordpress\/plugins\/seo\/ -->\n<title>Silicone L\u00edquido 5L - Valen\u00e7a Qu\u00edmica<\/title>\n<meta name=\"robots\" content=\"index, follow, max-snippet:-1, max-image-preview:large, max-video-preview:-1\" \/>\n<link rel=\"canonical\" href=\"https:\/\/projetos.alineacomunicacao.com.br\/valencaquimica\/produto\/silicone-liquido-5l\/\" \/>\n<meta property=\"og:locale\" content=\"pt_BR\" \/>\n<meta property=\"og:type\" content=\"article\" \/>\n<meta property=\"og:title\" content=\"Silicone L\u00edquido 5L - Valen\u00e7a Qu\u00edmica\" \/>\n<meta property=\"og:description\" content=\"Descri\u00e7\u00e3o do produto Silicone l\u00edquido no formato pronto para uso, com finalidade de conservar pe\u00e7as feitas de borracha ou pl\u00e1stico em geral, podendo ser aplicado nos diferentes tipos de segmentos de pe\u00e7as, por exemplo, pe\u00e7as de pain\u00e9is, m\u00f3veis, ferramentas, equipamentos, portas, etc. Garantindo maior durabilidade e brilho no local.  Modo de usar Por se tratar de um produto pronto pra uso, n\u00e3o deve ser feita uma dilui\u00e7\u00e3o (acrescentar \u00e1gua) previa. Ap\u00f3s limpar e secar previamente a pe\u00e7a feita de borracha ou pl\u00e1stico, aplique um pouco de silicone l\u00edquido, espalhe o produto com uma esponja ou flanela macia e limpa de modo uniforme at\u00e9 cobrir toda \u00e1rea a ser conservada, por fim, aguarde entre 5 a 10 minutos para que o produto seque e fique aderido \u00e0 superf\u00edcie. Retirar todo o excesso.\" \/>\n<meta property=\"og:url\" content=\"https:\/\/projetos.alineacomunicacao.com.br\/valencaquimica\/produto\/silicone-liquido-5l\/\" \/>\n<meta property=\"og:site_name\" content=\"Valen\u00e7a Qu\u00edmica\" \/>\n<meta property=\"article:modified_time\" content=\"2023-12-10T19:13:34+00:00\" \/>\n<meta property=\"og:image\" content=\"https:\/\/projetos.alineacomunicacao.com.br\/valencaquimica\/wp-content\/uploads\/2021\/01\/Silicone-Liquido-5L.png\" \/>\n\t<meta property=\"og:image:width\" content=\"500\" \/>\n\t<meta property=\"og:image:height\" content=\"500\" \/>\n\t<meta property=\"og:image:type\" content=\"image\/png\" \/>\n<meta name=\"twitter:card\" content=\"summary_large_image\" \/>\n<script type=\"application\/ld+json\" class=\"yoast-schema-graph\">{\"@context\":\"https:\/\/schema.org\",\"@graph\":[{\"@type\":\"WebPage\",\"@id\":\"https:\/\/projetos.alineacomunicacao.com.br\/valencaquimica\/produto\/silicone-liquido-5l\/\",\"url\":\"https:\/\/projetos.alineacomunicacao.com.br\/valencaquimica\/produto\/silicone-liquido-5l\/\",\"name\":\"Silicone L\u00edquido 5L - Valen\u00e7a Qu\u00edmica\",\"isPartOf\":{\"@id\":\"https:\/\/projetos.alineacomunicacao.com.br\/valencaquimica\/#website\"},\"datePublished\":\"2021-01-21T19:58:56+00:00\",\"dateModified\":\"2023-12-10T19:13:34+00:00\",\"breadcrumb\":{\"@id\":\"https:\/\/projetos.alineacomunicacao.com.br\/valencaquimica\/produto\/silicone-liquido-5l\/#breadcrumb\"},\"inLanguage\":\"pt-BR\",\"potentialAction\":[{\"@type\":\"ReadAction\",\"target\":[\"https:\/\/projetos.alineacomunicacao.com.br\/valencaquimica\/produto\/silicone-liquido-5l\/\"]}]},{\"@type\":\"BreadcrumbList\",\"@id\":\"https:\/\/projetos.alineacomunicacao.com.br\/valencaquimica\/produto\/silicone-liquido-5l\/#breadcrumb\",\"itemListElement\":[{\"@type\":\"ListItem\",\"position\":1,\"name\":\"In\u00edcio\",\"item\":\"https:\/\/projetos.alineacomunicacao.com.br\/valencaquimica\/\"},{\"@type\":\"ListItem\",\"position\":2,\"name\":\"Produtos\",\"item\":\"https:\/\/projetos.alineacomunicacao.com.br\/valencaquimica\/shop\/\"},{\"@type\":\"ListItem\",\"position\":3,\"name\":\"Silicone L\u00edquido 5L\"}]},{\"@type\":\"WebSite\",\"@id\":\"https:\/\/projetos.alineacomunicacao.com.br\/valencaquimica\/#website\",\"url\":\"https:\/\/projetos.alineacomunicacao.com.br\/valencaquimica\/\",\"name\":\"Valen\u00e7a Qu\u00edmica\",\"description\":\"Ind\u00fastria Qu\u00edmica em Recife\",\"publisher\":{\"@id\":\"https:\/\/projetos.alineacomunicacao.com.br\/valencaquimica\/#organization\"},\"potentialAction\":[{\"@type\":\"SearchAction\",\"target\":{\"@type\":\"EntryPoint\",\"urlTemplate\":\"https:\/\/projetos.alineacomunicacao.com.br\/valencaquimica\/?s={search_term_string}\"},\"query-input\":\"required name=search_term_string\"}],\"inLanguage\":\"pt-BR\"},{\"@type\":\"Organization\",\"@id\":\"https:\/\/projetos.alineacomunicacao.com.br\/valencaquimica\/#organization\",\"name\":\"Valen\u00e7a Qu\u00edmica\",\"url\":\"https:\/\/projetos.alineacomunicacao.com.br\/valencaquimica\/\",\"logo\":{\"@type\":\"ImageObject\",\"inLanguage\":\"pt-BR\",\"@id\":\"https:\/\/projetos.alineacomunicacao.com.br\/valencaquimica\/#\/schema\/logo\/image\/\",\"url\":\"https:\/\/projetos.alineacomunicacao.com.br\/valencaquimica\/wp-content\/uploads\/2020\/08\/LOGO-3D-VALENCA_1.png\",\"contentUrl\":\"https:\/\/projetos.alineacomunicacao.com.br\/valencaquimica\/wp-content\/uploads\/2020\/08\/LOGO-3D-VALENCA_1.png\",\"width\":833,\"height\":532,\"caption\":\"Valen\u00e7a Qu\u00edmica\"},\"image\":{\"@id\":\"https:\/\/projetos.alineacomunicacao.com.br\/valencaquimica\/#\/schema\/logo\/image\/\"}}]}<\/script>\n<!-- \/ Yoast SEO plugin. -->","yoast_head_json":{"title":"Silicone L\u00edquido 5L - Valen\u00e7a Qu\u00edmica","robots":{"index":"index","follow":"follow","max-snippet":"max-snippet:-1","max-image-preview":"max-image-preview:large","max-video-preview":"max-video-preview:-1"},"canonical":"https:\/\/projetos.alineacomunicacao.com.br\/valencaquimica\/produto\/silicone-liquido-5l\/","og_locale":"pt_BR","og_type":"article","og_title":"Silicone L\u00edquido 5L - Valen\u00e7a Qu\u00edmica","og_description":"Descri\u00e7\u00e3o do produto Silicone l\u00edquido no formato pronto para uso, com finalidade de conservar pe\u00e7as feitas de borracha ou pl\u00e1stico em geral, podendo ser aplicado nos diferentes tipos de segmentos de pe\u00e7as, por exemplo, pe\u00e7as de pain\u00e9is, m\u00f3veis, ferramentas, equipamentos, portas, etc. Garantindo maior durabilidade e brilho no local.  Modo de usar Por se tratar de um produto pronto pra uso, n\u00e3o deve ser feita uma dilui\u00e7\u00e3o (acrescentar \u00e1gua) previa. Ap\u00f3s limpar e secar previamente a pe\u00e7a feita de borracha ou pl\u00e1stico, aplique um pouco de silicone l\u00edquido, espalhe o produto com uma esponja ou flanela macia e limpa de modo uniforme at\u00e9 cobrir toda \u00e1rea a ser conservada, por fim, aguarde entre 5 a 10 minutos para que o produto seque e fique aderido \u00e0 superf\u00edcie. Retirar todo o excesso.","og_url":"https:\/\/projetos.alineacomunicacao.com.br\/valencaquimica\/produto\/silicone-liquido-5l\/","og_site_name":"Valen\u00e7a Qu\u00edmica","article_modified_time":"2023-12-10T19:13:34+00:00","og_image":[{"width":500,"height":500,"url":"https:\/\/projetos.alineacomunicacao.com.br\/valencaquimica\/wp-content\/uploads\/2021\/01\/Silicone-Liquido-5L.png","type":"image\/png"}],"twitter_card":"summary_large_image","schema":{"@context":"https:\/\/schema.org","@graph":[{"@type":"WebPage","@id":"https:\/\/projetos.alineacomunicacao.com.br\/valencaquimica\/produto\/silicone-liquido-5l\/","url":"https:\/\/projetos.alineacomunicacao.com.br\/valencaquimica\/produto\/silicone-liquido-5l\/","name":"Silicone L\u00edquido 5L - Valen\u00e7a Qu\u00edmica","isPartOf":{"@id":"https:\/\/projetos.alineacomunicacao.com.br\/valencaquimica\/#website"},"datePublished":"2021-01-21T19:58:56+00:00","dateModified":"2023-12-10T19:13:34+00:00","breadcrumb":{"@id":"https:\/\/projetos.alineacomunicacao.com.br\/valencaquimica\/produto\/silicone-liquido-5l\/#breadcrumb"},"inLanguage":"pt-BR","potentialAction":[{"@type":"ReadAction","target":["https:\/\/projetos.alineacomunicacao.com.br\/valencaquimica\/produto\/silicone-liquido-5l\/"]}]},{"@type":"BreadcrumbList","@id":"https:\/\/projetos.alineacomunicacao.com.br\/valencaquimica\/produto\/silicone-liquido-5l\/#breadcrumb","itemListElement":[{"@type":"ListItem","position":1,"name":"In\u00edcio","item":"https:\/\/projetos.alineacomunicacao.com.br\/valencaquimica\/"},{"@type":"ListItem","position":2,"name":"Produtos","item":"https:\/\/projetos.alineacomunicacao.com.br\/valencaquimica\/shop\/"},{"@type":"ListItem","position":3,"name":"Silicone L\u00edquido 5L"}]},{"@type":"WebSite","@id":"https:\/\/projetos.alineacomunicacao.com.br\/valencaquimica\/#website","url":"https:\/\/projetos.alineacomunicacao.com.br\/valencaquimica\/","name":"Valen\u00e7a Qu\u00edmica","description":"Ind\u00fastria Qu\u00edmica em Recife","publisher":{"@id":"https:\/\/projetos.alineacomunicacao.com.br\/valencaquimica\/#organization"},"potentialAction":[{"@type":"SearchAction","target":{"@type":"EntryPoint","urlTemplate":"https:\/\/projetos.alineacomunicacao.com.br\/valencaquimica\/?s={search_term_string}"},"query-input":"required name=search_term_string"}],"inLanguage":"pt-BR"},{"@type":"Organization","@id":"https:\/\/projetos.alineacomunicacao.com.br\/valencaquimica\/#organization","name":"Valen\u00e7a Qu\u00edmica","url":"https:\/\/projetos.alineacomunicacao.com.br\/valencaquimica\/","logo":{"@type":"ImageObject","inLanguage":"pt-BR","@id":"https:\/\/projetos.alineacomunicacao.com.br\/valencaquimica\/#\/schema\/logo\/image\/","url":"https:\/\/projetos.alineacomunicacao.com.br\/valencaquimica\/wp-content\/uploads\/2020\/08\/LOGO-3D-VALENCA_1.png","contentUrl":"https:\/\/projetos.alineacomunicacao.com.br\/valencaquimica\/wp-content\/uploads\/2020\/08\/LOGO-3D-VALENCA_1.png","width":833,"height":532,"caption":"Valen\u00e7a Qu\u00edmica"},"image":{"@id":"https:\/\/projetos.alineacomunicacao.com.br\/valencaquimica\/#\/schema\/logo\/image\/"}}]}},"_links":{"self":[{"href":"https:\/\/projetos.alineacomunicacao.com.br\/valencaquimica\/wp-json\/wp\/v2\/product\/1490"}],"collection":[{"href":"https:\/\/projetos.alineacomunicacao.com.br\/valencaquimica\/wp-json\/wp\/v2\/product"}],"about":[{"href":"https:\/\/projetos.alineacomunicacao.com.br\/valencaquimica\/wp-json\/wp\/v2\/types\/product"}],"wp:featuredmedia":[{"embeddable":true,"href":"https:\/\/projetos.alineacomunicacao.com.br\/valencaquimica\/wp-json\/wp\/v2\/media\/1491"}],"wp:attachment":[{"href":"https:\/\/projetos.alineacomunicacao.com.br\/valencaquimica\/wp-json\/wp\/v2\/media?parent=1490"}],"wp:term":[{"taxonomy":"product_cat","embeddable":true,"href":"https:\/\/projetos.alineacomunicacao.com.br\/valencaquimica\/wp-json\/wp\/v2\/product_cat?post=1490"},{"taxonomy":"product_tag","embeddable":true,"href":"https:\/\/projetos.alineacomunicacao.com.br\/valencaquimica\/wp-json\/wp\/v2\/product_tag?post=1490"}],"curies":[{"name":"wp","href":"https:\/\/api.w.org\/{rel}","templated":true}]}}