{"id":424,"date":"2020-11-06T13:53:11","date_gmt":"2020-11-06T16:53:11","guid":{"rendered":"https:\/\/alineacomunicacao.com.br\/valencaquimica\/?page_id=424"},"modified":"2020-11-10T15:31:30","modified_gmt":"2020-11-10T18:31:30","slug":"lojas-valenca-quimica","status":"publish","type":"page","link":"https:\/\/projetos.alineacomunicacao.com.br\/valencaquimica\/lojas-valenca-quimica\/","title":{"rendered":"Lojas Valen\u00e7a Qu\u00edmica"},"content":{"rendered":"\t\t<div data-elementor-type=\"wp-page\" data-elementor-id=\"424\" class=\"elementor elementor-424\" data-elementor-post-type=\"page\">\n\t\t\t\t\t\t<section class=\"elementor-section elementor-top-section elementor-element elementor-element-823bd83 elementor-section-boxed elementor-section-height-default elementor-section-height-default\" data-id=\"823bd83\" data-element_type=\"section\" data-settings=\"{&quot;jet_parallax_layout_list&quot;:[{&quot;jet_parallax_layout_image&quot;:{&quot;url&quot;:&quot;&quot;,&quot;id&quot;:&quot;&quot;,&quot;size&quot;:&quot;&quot;},&quot;_id&quot;:&quot;b22e29a&quot;,&quot;jet_parallax_layout_image_tablet&quot;:{&quot;url&quot;:&quot;&quot;,&quot;id&quot;:&quot;&quot;,&quot;size&quot;:&quot;&quot;},&quot;jet_parallax_layout_image_mobile&quot;:{&quot;url&quot;:&quot;&quot;,&quot;id&quot;:&quot;&quot;,&quot;size&quot;:&quot;&quot;},&quot;jet_parallax_layout_speed&quot;:{&quot;unit&quot;:&quot;%&quot;,&quot;size&quot;:50,&quot;sizes&quot;:[]},&quot;jet_parallax_layout_type&quot;:&quot;scroll&quot;,&quot;jet_parallax_layout_direction&quot;:null,&quot;jet_parallax_layout_fx_direction&quot;:null,&quot;jet_parallax_layout_z_index&quot;:&quot;&quot;,&quot;jet_parallax_layout_bg_x&quot;:50,&quot;jet_parallax_layout_bg_x_tablet&quot;:&quot;&quot;,&quot;jet_parallax_layout_bg_x_mobile&quot;:&quot;&quot;,&quot;jet_parallax_layout_bg_y&quot;:50,&quot;jet_parallax_layout_bg_y_tablet&quot;:&quot;&quot;,&quot;jet_parallax_layout_bg_y_mobile&quot;:&quot;&quot;,&quot;jet_parallax_layout_bg_size&quot;:&quot;auto&quot;,&quot;jet_parallax_layout_bg_size_tablet&quot;:&quot;&quot;,&quot;jet_parallax_layout_bg_size_mobile&quot;:&quot;&quot;,&quot;jet_parallax_layout_animation_prop&quot;:&quot;transform&quot;,&quot;jet_parallax_layout_on&quot;:[&quot;desktop&quot;,&quot;tablet&quot;]}]}\">\n\t\t\t\t\t\t<div class=\"elementor-container elementor-column-gap-default\">\n\t\t\t\t\t<div class=\"elementor-column elementor-col-100 elementor-top-column elementor-element elementor-element-441d20e\" data-id=\"441d20e\" data-element_type=\"column\">\n\t\t\t<div class=\"elementor-widget-wrap elementor-element-populated\">\n\t\t\t\t\t\t<div class=\"elementor-element elementor-element-d1851c3 elementor-widget elementor-widget-spacer\" data-id=\"d1851c3\" data-element_type=\"widget\" data-widget_type=\"spacer.default\">\n\t\t\t\t<div class=\"elementor-widget-container\">\n\t\t\t\t\t<div class=\"elementor-spacer\">\n\t\t\t<div class=\"elementor-spacer-inner\"><\/div>\n\t\t<\/div>\n\t\t\t\t<\/div>\n\t\t\t\t<\/div>\n\t\t\t\t<div class=\"elementor-element elementor-element-c682c55 elementor-widget elementor-widget-heading\" data-id=\"c682c55\" data-element_type=\"widget\" data-widget_type=\"heading.default\">\n\t\t\t\t<div class=\"elementor-widget-container\">\n\t\t\t<h2 class=\"elementor-heading-title elementor-size-default\">LOJAS PR\u00d3PRIAS VALEN\u00c7A QU\u00cdMICA<\/h2>\t\t<\/div>\n\t\t\t\t<\/div>\n\t\t\t\t\t<\/div>\n\t\t<\/div>\n\t\t\t\t\t<\/div>\n\t\t<\/section>\n\t\t\t\t<section class=\"elementor-section elementor-top-section elementor-element elementor-element-69f10d4 elementor-section-boxed elementor-section-height-default elementor-section-height-default\" data-id=\"69f10d4\" data-element_type=\"section\" data-settings=\"{&quot;jet_parallax_layout_list&quot;:[{&quot;jet_parallax_layout_image&quot;:{&quot;url&quot;:&quot;&quot;,&quot;id&quot;:&quot;&quot;,&quot;size&quot;:&quot;&quot;},&quot;_id&quot;:&quot;52a965f&quot;,&quot;jet_parallax_layout_image_tablet&quot;:{&quot;url&quot;:&quot;&quot;,&quot;id&quot;:&quot;&quot;,&quot;size&quot;:&quot;&quot;},&quot;jet_parallax_layout_image_mobile&quot;:{&quot;url&quot;:&quot;&quot;,&quot;id&quot;:&quot;&quot;,&quot;size&quot;:&quot;&quot;},&quot;jet_parallax_layout_speed&quot;:{&quot;unit&quot;:&quot;%&quot;,&quot;size&quot;:50,&quot;sizes&quot;:[]},&quot;jet_parallax_layout_type&quot;:&quot;scroll&quot;,&quot;jet_parallax_layout_direction&quot;:null,&quot;jet_parallax_layout_fx_direction&quot;:null,&quot;jet_parallax_layout_z_index&quot;:&quot;&quot;,&quot;jet_parallax_layout_bg_x&quot;:50,&quot;jet_parallax_layout_bg_x_tablet&quot;:&quot;&quot;,&quot;jet_parallax_layout_bg_x_mobile&quot;:&quot;&quot;,&quot;jet_parallax_layout_bg_y&quot;:50,&quot;jet_parallax_layout_bg_y_tablet&quot;:&quot;&quot;,&quot;jet_parallax_layout_bg_y_mobile&quot;:&quot;&quot;,&quot;jet_parallax_layout_bg_size&quot;:&quot;auto&quot;,&quot;jet_parallax_layout_bg_size_tablet&quot;:&quot;&quot;,&quot;jet_parallax_layout_bg_size_mobile&quot;:&quot;&quot;,&quot;jet_parallax_layout_animation_prop&quot;:&quot;transform&quot;,&quot;jet_parallax_layout_on&quot;:[&quot;desktop&quot;,&quot;tablet&quot;]}]}\">\n\t\t\t\t\t\t<div class=\"elementor-container elementor-column-gap-default\">\n\t\t\t\t\t<div class=\"elementor-column elementor-col-50 elementor-top-column elementor-element elementor-element-57c31ed\" data-id=\"57c31ed\" data-element_type=\"column\">\n\t\t\t<div class=\"elementor-widget-wrap elementor-element-populated\">\n\t\t\t\t\t\t<div class=\"elementor-element elementor-element-a9256b5 elementor-widget elementor-widget-google_maps\" data-id=\"a9256b5\" data-element_type=\"widget\" data-widget_type=\"google_maps.default\">\n\t\t\t\t<div class=\"elementor-widget-container\">\n\t\t\t\t\t<div class=\"elementor-custom-embed\">\n\t\t\t<iframe loading=\"lazy\"\n\t\t\t\t\tsrc=\"https:\/\/maps.google.com\/maps?q=R.%20Padre%20Eucl%C3%ADdes%20Jardim%2C%20195%20-%20Afogados%2C%20Recife%20-%20PE%2C%2050750-000&#038;t=m&#038;z=10&#038;output=embed&#038;iwloc=near\"\n\t\t\t\t\ttitle=\"R. Padre Eucl\u00eddes Jardim, 195 - Afogados, Recife - PE, 50750-000\"\n\t\t\t\t\taria-label=\"R. Padre Eucl\u00eddes Jardim, 195 - Afogados, Recife - PE, 50750-000\"\n\t\t\t><\/iframe>\n\t\t<\/div>\n\t\t\t\t<\/div>\n\t\t\t\t<\/div>\n\t\t\t\t\t<\/div>\n\t\t<\/div>\n\t\t\t\t<div class=\"elementor-column elementor-col-50 elementor-top-column elementor-element elementor-element-30448d7\" data-id=\"30448d7\" data-element_type=\"column\" data-settings=\"{&quot;background_background&quot;:&quot;classic&quot;}\">\n\t\t\t<div class=\"elementor-widget-wrap elementor-element-populated\">\n\t\t\t\t\t\t<div class=\"elementor-element elementor-element-f10b078 elementor-widget elementor-widget-spacer\" data-id=\"f10b078\" data-element_type=\"widget\" data-widget_type=\"spacer.default\">\n\t\t\t\t<div class=\"elementor-widget-container\">\n\t\t\t\t\t<div class=\"elementor-spacer\">\n\t\t\t<div class=\"elementor-spacer-inner\"><\/div>\n\t\t<\/div>\n\t\t\t\t<\/div>\n\t\t\t\t<\/div>\n\t\t\t\t<div class=\"elementor-element elementor-element-0c4c2d9 elementor-widget elementor-widget-heading\" data-id=\"0c4c2d9\" data-element_type=\"widget\" data-widget_type=\"heading.default\">\n\t\t\t\t<div class=\"elementor-widget-container\">\n\t\t\t<h2 class=\"elementor-heading-title elementor-size-default\">Loja Valen\u00e7a Recife:<\/h2>\t\t<\/div>\n\t\t\t\t<\/div>\n\t\t\t\t<div class=\"elementor-element elementor-element-de89624 elementor-widget elementor-widget-text-editor\" data-id=\"de89624\" data-element_type=\"widget\" data-widget_type=\"text-editor.default\">\n\t\t\t\t<div class=\"elementor-widget-container\">\n\t\t\t\t\t\t\t<strong>Endere\u00e7o<\/strong>: R. Padre Eucl\u00eddes Jardim, 195 &#8211; Afogados, Recife &#8211; PE<br><strong>Telefone:<\/strong> (81) 3448-0157\t\t\t\t\t\t<\/div>\n\t\t\t\t<\/div>\n\t\t\t\t\t<\/div>\n\t\t<\/div>\n\t\t\t\t\t<\/div>\n\t\t<\/section>\n\t\t\t\t<section class=\"elementor-section elementor-top-section elementor-element elementor-element-cf17f2b elementor-section-boxed elementor-section-height-default elementor-section-height-default\" data-id=\"cf17f2b\" data-element_type=\"section\" data-settings=\"{&quot;jet_parallax_layout_list&quot;:[{&quot;jet_parallax_layout_image&quot;:{&quot;url&quot;:&quot;&quot;,&quot;id&quot;:&quot;&quot;,&quot;size&quot;:&quot;&quot;},&quot;_id&quot;:&quot;52a965f&quot;,&quot;jet_parallax_layout_image_tablet&quot;:{&quot;url&quot;:&quot;&quot;,&quot;id&quot;:&quot;&quot;,&quot;size&quot;:&quot;&quot;},&quot;jet_parallax_layout_image_mobile&quot;:{&quot;url&quot;:&quot;&quot;,&quot;id&quot;:&quot;&quot;,&quot;size&quot;:&quot;&quot;},&quot;jet_parallax_layout_speed&quot;:{&quot;unit&quot;:&quot;%&quot;,&quot;size&quot;:50,&quot;sizes&quot;:[]},&quot;jet_parallax_layout_type&quot;:&quot;scroll&quot;,&quot;jet_parallax_layout_direction&quot;:null,&quot;jet_parallax_layout_fx_direction&quot;:null,&quot;jet_parallax_layout_z_index&quot;:&quot;&quot;,&quot;jet_parallax_layout_bg_x&quot;:50,&quot;jet_parallax_layout_bg_x_tablet&quot;:&quot;&quot;,&quot;jet_parallax_layout_bg_x_mobile&quot;:&quot;&quot;,&quot;jet_parallax_layout_bg_y&quot;:50,&quot;jet_parallax_layout_bg_y_tablet&quot;:&quot;&quot;,&quot;jet_parallax_layout_bg_y_mobile&quot;:&quot;&quot;,&quot;jet_parallax_layout_bg_size&quot;:&quot;auto&quot;,&quot;jet_parallax_layout_bg_size_tablet&quot;:&quot;&quot;,&quot;jet_parallax_layout_bg_size_mobile&quot;:&quot;&quot;,&quot;jet_parallax_layout_animation_prop&quot;:&quot;transform&quot;,&quot;jet_parallax_layout_on&quot;:[&quot;desktop&quot;,&quot;tablet&quot;]}]}\">\n\t\t\t\t\t\t<div class=\"elementor-container elementor-column-gap-default\">\n\t\t\t\t\t<div class=\"elementor-column elementor-col-50 elementor-top-column elementor-element elementor-element-b59f701\" data-id=\"b59f701\" data-element_type=\"column\">\n\t\t\t<div class=\"elementor-widget-wrap elementor-element-populated\">\n\t\t\t\t\t\t<div class=\"elementor-element elementor-element-023630d elementor-widget elementor-widget-shortcode\" data-id=\"023630d\" data-element_type=\"widget\" data-widget_type=\"shortcode.default\">\n\t\t\t\t<div class=\"elementor-widget-container\">\n\t\t\t\t\t<div class=\"elementor-shortcode\"><iframe src=\"https:\/\/www.google.com\/maps\/embed?pb=!1m14!1m8!1m3!1d15837.900785495385!2d-34.8490394!3d-7.0707721!3m2!1i1024!2i768!4f13.1!3m3!1m2!1s0x0%3A0x16a3c1518b94daa4!2sVALENCA%20QUIMICA%20FILIAL!5e0!3m2!1spt-BR!2sbr!4v1605032975580!5m2!1spt-BR!2sbr\" width=\"550\" height=\"300\" frameborder=\"0\" style=\"border:0;\" allowfullscreen=\"\" aria-hidden=\"false\" tabindex=\"0\"><\/iframe><\/div>\n\t\t\t\t<\/div>\n\t\t\t\t<\/div>\n\t\t\t\t\t<\/div>\n\t\t<\/div>\n\t\t\t\t<div class=\"elementor-column elementor-col-50 elementor-top-column elementor-element elementor-element-a585576\" data-id=\"a585576\" data-element_type=\"column\" data-settings=\"{&quot;background_background&quot;:&quot;classic&quot;}\">\n\t\t\t<div class=\"elementor-widget-wrap elementor-element-populated\">\n\t\t\t\t\t\t<div class=\"elementor-element elementor-element-899966c elementor-widget elementor-widget-spacer\" data-id=\"899966c\" data-element_type=\"widget\" data-widget_type=\"spacer.default\">\n\t\t\t\t<div class=\"elementor-widget-container\">\n\t\t\t\t\t<div class=\"elementor-spacer\">\n\t\t\t<div class=\"elementor-spacer-inner\"><\/div>\n\t\t<\/div>\n\t\t\t\t<\/div>\n\t\t\t\t<\/div>\n\t\t\t\t<div class=\"elementor-element elementor-element-9dc92d5 elementor-widget elementor-widget-heading\" data-id=\"9dc92d5\" data-element_type=\"widget\" data-widget_type=\"heading.default\">\n\t\t\t\t<div class=\"elementor-widget-container\">\n\t\t\t<h2 class=\"elementor-heading-title elementor-size-default\">Loja Valen\u00e7a Para\u00edba:<\/h2>\t\t<\/div>\n\t\t\t\t<\/div>\n\t\t\t\t<div class=\"elementor-element elementor-element-648406a elementor-widget elementor-widget-text-editor\" data-id=\"648406a\" data-element_type=\"widget\" data-widget_type=\"text-editor.default\">\n\t\t\t\t<div class=\"elementor-widget-container\">\n\t\t\t\t\t\t\t<p><strong>Endere\u00e7o<\/strong>:Rua Maria Jos\u00e9 dos Santos Freires, 153, quadra 01 lote 17,Jardim Am\u00e9rica<br \/>Cabedelo &#8211; PB<\/p>\t\t\t\t\t\t<\/div>\n\t\t\t\t<\/div>\n\t\t\t\t\t<\/div>\n\t\t<\/div>\n\t\t\t\t\t<\/div>\n\t\t<\/section>\n\t\t\t\t<section class=\"elementor-section elementor-top-section elementor-element elementor-element-060db59 elementor-section-stretched elementor-section-boxed elementor-section-height-default elementor-section-height-default\" data-id=\"060db59\" data-element_type=\"section\" data-settings=\"{&quot;stretch_section&quot;:&quot;section-stretched&quot;,&quot;jet_parallax_layout_list&quot;:[{&quot;jet_parallax_layout_image&quot;:{&quot;url&quot;:&quot;&quot;,&quot;id&quot;:&quot;&quot;,&quot;size&quot;:&quot;&quot;},&quot;_id&quot;:&quot;1d6c9fe&quot;,&quot;jet_parallax_layout_image_tablet&quot;:{&quot;url&quot;:&quot;&quot;,&quot;id&quot;:&quot;&quot;,&quot;size&quot;:&quot;&quot;},&quot;jet_parallax_layout_image_mobile&quot;:{&quot;url&quot;:&quot;&quot;,&quot;id&quot;:&quot;&quot;,&quot;size&quot;:&quot;&quot;},&quot;jet_parallax_layout_speed&quot;:{&quot;unit&quot;:&quot;%&quot;,&quot;size&quot;:50,&quot;sizes&quot;:[]},&quot;jet_parallax_layout_type&quot;:&quot;scroll&quot;,&quot;jet_parallax_layout_direction&quot;:null,&quot;jet_parallax_layout_fx_direction&quot;:null,&quot;jet_parallax_layout_z_index&quot;:&quot;&quot;,&quot;jet_parallax_layout_bg_x&quot;:50,&quot;jet_parallax_layout_bg_x_tablet&quot;:&quot;&quot;,&quot;jet_parallax_layout_bg_x_mobile&quot;:&quot;&quot;,&quot;jet_parallax_layout_bg_y&quot;:50,&quot;jet_parallax_layout_bg_y_tablet&quot;:&quot;&quot;,&quot;jet_parallax_layout_bg_y_mobile&quot;:&quot;&quot;,&quot;jet_parallax_layout_bg_size&quot;:&quot;auto&quot;,&quot;jet_parallax_layout_bg_size_tablet&quot;:&quot;&quot;,&quot;jet_parallax_layout_bg_size_mobile&quot;:&quot;&quot;,&quot;jet_parallax_layout_animation_prop&quot;:&quot;transform&quot;,&quot;jet_parallax_layout_on&quot;:[&quot;desktop&quot;,&quot;tablet&quot;]}],&quot;shape_divider_bottom&quot;:&quot;mountains&quot;}\">\n\t\t\t\t\t<div class=\"elementor-shape elementor-shape-bottom\" data-negative=\"false\">\n\t\t\t<svg xmlns=\"http:\/\/www.w3.org\/2000\/svg\" viewBox=\"0 0 1000 100\" preserveAspectRatio=\"none\">\n\t<path class=\"elementor-shape-fill\" opacity=\"0.33\" d=\"M473,67.3c-203.9,88.3-263.1-34-320.3,0C66,119.1,0,59.7,0,59.7V0h1000v59.7 c0,0-62.1,26.1-94.9,29.3c-32.8,3.3-62.8-12.3-75.8-22.1C806,49.6,745.3,8.7,694.9,4.7S492.4,59,473,67.3z\"\/>\n\t<path class=\"elementor-shape-fill\" opacity=\"0.66\" d=\"M734,67.3c-45.5,0-77.2-23.2-129.1-39.1c-28.6-8.7-150.3-10.1-254,39.1 s-91.7-34.4-149.2,0C115.7,118.3,0,39.8,0,39.8V0h1000v36.5c0,0-28.2-18.5-92.1-18.5C810.2,18.1,775.7,67.3,734,67.3z\"\/>\n\t<path class=\"elementor-shape-fill\" d=\"M766.1,28.9c-200-57.5-266,65.5-395.1,19.5C242,1.8,242,5.4,184.8,20.6C128,35.8,132.3,44.9,89.9,52.5C28.6,63.7,0,0,0,0 h1000c0,0-9.9,40.9-83.6,48.1S829.6,47,766.1,28.9z\"\/>\n<\/svg>\t\t<\/div>\n\t\t\t\t\t<div class=\"elementor-container elementor-column-gap-default\">\n\t\t\t\t\t<div class=\"elementor-column elementor-col-100 elementor-top-column elementor-element elementor-element-9b0bdd0\" data-id=\"9b0bdd0\" data-element_type=\"column\">\n\t\t\t<div class=\"elementor-widget-wrap elementor-element-populated\">\n\t\t\t\t\t\t<div class=\"elementor-element elementor-element-71c6c1e elementor-widget elementor-widget-spacer\" data-id=\"71c6c1e\" data-element_type=\"widget\" data-widget_type=\"spacer.default\">\n\t\t\t\t<div class=\"elementor-widget-container\">\n\t\t\t\t\t<div class=\"elementor-spacer\">\n\t\t\t<div class=\"elementor-spacer-inner\"><\/div>\n\t\t<\/div>\n\t\t\t\t<\/div>\n\t\t\t\t<\/div>\n\t\t\t\t\t<\/div>\n\t\t<\/div>\n\t\t\t\t\t<\/div>\n\t\t<\/section>\n\t\t\t\t<\/div>\n\t\t","protected":false},"excerpt":{"rendered":"<p>LOJAS PR\u00d3PRIAS VALEN\u00c7A QU\u00cdMICA Loja Valen\u00e7a Recife: Endere\u00e7o: R. Padre Eucl\u00eddes Jardim, 195 &#8211; Afogados, Recife &#8211; PETelefone: (81) 3448-0157 Loja Valen\u00e7a Para\u00edba: Endere\u00e7o:Rua Maria Jos\u00e9 dos Santos Freires, 153, quadra 01 lote 17,Jardim Am\u00e9ricaCabedelo &#8211; PB<\/p>\n","protected":false},"author":1,"featured_media":0,"parent":0,"menu_order":0,"comment_status":"closed","ping_status":"closed","template":"elementor_header_footer","meta":{"footnotes":""},"yoast_head":"<!-- This site is optimized with the Yoast SEO plugin v22.0 - https:\/\/yoast.com\/wordpress\/plugins\/seo\/ -->\n<title>Lojas Valen\u00e7a Qu\u00edmica - Valen\u00e7a Qu\u00edmica<\/title>\n<meta name=\"robots\" content=\"index, follow, max-snippet:-1, max-image-preview:large, max-video-preview:-1\" \/>\n<link rel=\"canonical\" href=\"https:\/\/projetos.alineacomunicacao.com.br\/valencaquimica\/lojas-valenca-quimica\/\" \/>\n<meta property=\"og:locale\" content=\"pt_BR\" \/>\n<meta property=\"og:type\" content=\"article\" \/>\n<meta property=\"og:title\" content=\"Lojas Valen\u00e7a Qu\u00edmica - Valen\u00e7a Qu\u00edmica\" \/>\n<meta property=\"og:description\" content=\"LOJAS PR\u00d3PRIAS VALEN\u00c7A QU\u00cdMICA Loja Valen\u00e7a Recife: Endere\u00e7o: R. Padre Eucl\u00eddes Jardim, 195 &#8211; Afogados, Recife &#8211; PETelefone: (81) 3448-0157 Loja Valen\u00e7a Para\u00edba: Endere\u00e7o:Rua Maria Jos\u00e9 dos Santos Freires, 153, quadra 01 lote 17,Jardim Am\u00e9ricaCabedelo &#8211; PB\" \/>\n<meta property=\"og:url\" content=\"https:\/\/projetos.alineacomunicacao.com.br\/valencaquimica\/lojas-valenca-quimica\/\" \/>\n<meta property=\"og:site_name\" content=\"Valen\u00e7a Qu\u00edmica\" \/>\n<meta property=\"article:modified_time\" content=\"2020-11-10T18:31:30+00:00\" \/>\n<meta name=\"twitter:card\" content=\"summary_large_image\" \/>\n<script type=\"application\/ld+json\" class=\"yoast-schema-graph\">{\"@context\":\"https:\/\/schema.org\",\"@graph\":[{\"@type\":\"WebPage\",\"@id\":\"https:\/\/projetos.alineacomunicacao.com.br\/valencaquimica\/lojas-valenca-quimica\/\",\"url\":\"https:\/\/projetos.alineacomunicacao.com.br\/valencaquimica\/lojas-valenca-quimica\/\",\"name\":\"Lojas Valen\u00e7a Qu\u00edmica - Valen\u00e7a Qu\u00edmica\",\"isPartOf\":{\"@id\":\"https:\/\/projetos.alineacomunicacao.com.br\/valencaquimica\/#website\"},\"datePublished\":\"2020-11-06T16:53:11+00:00\",\"dateModified\":\"2020-11-10T18:31:30+00:00\",\"breadcrumb\":{\"@id\":\"https:\/\/projetos.alineacomunicacao.com.br\/valencaquimica\/lojas-valenca-quimica\/#breadcrumb\"},\"inLanguage\":\"pt-BR\",\"potentialAction\":[{\"@type\":\"ReadAction\",\"target\":[\"https:\/\/projetos.alineacomunicacao.com.br\/valencaquimica\/lojas-valenca-quimica\/\"]}]},{\"@type\":\"BreadcrumbList\",\"@id\":\"https:\/\/projetos.alineacomunicacao.com.br\/valencaquimica\/lojas-valenca-quimica\/#breadcrumb\",\"itemListElement\":[{\"@type\":\"ListItem\",\"position\":1,\"name\":\"In\u00edcio\",\"item\":\"https:\/\/projetos.alineacomunicacao.com.br\/valencaquimica\/\"},{\"@type\":\"ListItem\",\"position\":2,\"name\":\"Lojas Valen\u00e7a Qu\u00edmica\"}]},{\"@type\":\"WebSite\",\"@id\":\"https:\/\/projetos.alineacomunicacao.com.br\/valencaquimica\/#website\",\"url\":\"https:\/\/projetos.alineacomunicacao.com.br\/valencaquimica\/\",\"name\":\"Valen\u00e7a Qu\u00edmica\",\"description\":\"Ind\u00fastria Qu\u00edmica em Recife\",\"publisher\":{\"@id\":\"https:\/\/projetos.alineacomunicacao.com.br\/valencaquimica\/#organization\"},\"potentialAction\":[{\"@type\":\"SearchAction\",\"target\":{\"@type\":\"EntryPoint\",\"urlTemplate\":\"https:\/\/projetos.alineacomunicacao.com.br\/valencaquimica\/?s={search_term_string}\"},\"query-input\":\"required name=search_term_string\"}],\"inLanguage\":\"pt-BR\"},{\"@type\":\"Organization\",\"@id\":\"https:\/\/projetos.alineacomunicacao.com.br\/valencaquimica\/#organization\",\"name\":\"Valen\u00e7a Qu\u00edmica\",\"url\":\"https:\/\/projetos.alineacomunicacao.com.br\/valencaquimica\/\",\"logo\":{\"@type\":\"ImageObject\",\"inLanguage\":\"pt-BR\",\"@id\":\"https:\/\/projetos.alineacomunicacao.com.br\/valencaquimica\/#\/schema\/logo\/image\/\",\"url\":\"https:\/\/projetos.alineacomunicacao.com.br\/valencaquimica\/wp-content\/uploads\/2020\/08\/LOGO-3D-VALENCA_1.png\",\"contentUrl\":\"https:\/\/projetos.alineacomunicacao.com.br\/valencaquimica\/wp-content\/uploads\/2020\/08\/LOGO-3D-VALENCA_1.png\",\"width\":833,\"height\":532,\"caption\":\"Valen\u00e7a Qu\u00edmica\"},\"image\":{\"@id\":\"https:\/\/projetos.alineacomunicacao.com.br\/valencaquimica\/#\/schema\/logo\/image\/\"}}]}<\/script>\n<!-- \/ Yoast SEO plugin. -->","yoast_head_json":{"title":"Lojas Valen\u00e7a Qu\u00edmica - Valen\u00e7a Qu\u00edmica","robots":{"index":"index","follow":"follow","max-snippet":"max-snippet:-1","max-image-preview":"max-image-preview:large","max-video-preview":"max-video-preview:-1"},"canonical":"https:\/\/projetos.alineacomunicacao.com.br\/valencaquimica\/lojas-valenca-quimica\/","og_locale":"pt_BR","og_type":"article","og_title":"Lojas Valen\u00e7a Qu\u00edmica - Valen\u00e7a Qu\u00edmica","og_description":"LOJAS PR\u00d3PRIAS VALEN\u00c7A QU\u00cdMICA Loja Valen\u00e7a Recife: Endere\u00e7o: R. Padre Eucl\u00eddes Jardim, 195 &#8211; Afogados, Recife &#8211; PETelefone: (81) 3448-0157 Loja Valen\u00e7a Para\u00edba: Endere\u00e7o:Rua Maria Jos\u00e9 dos Santos Freires, 153, quadra 01 lote 17,Jardim Am\u00e9ricaCabedelo &#8211; PB","og_url":"https:\/\/projetos.alineacomunicacao.com.br\/valencaquimica\/lojas-valenca-quimica\/","og_site_name":"Valen\u00e7a Qu\u00edmica","article_modified_time":"2020-11-10T18:31:30+00:00","twitter_card":"summary_large_image","schema":{"@context":"https:\/\/schema.org","@graph":[{"@type":"WebPage","@id":"https:\/\/projetos.alineacomunicacao.com.br\/valencaquimica\/lojas-valenca-quimica\/","url":"https:\/\/projetos.alineacomunicacao.com.br\/valencaquimica\/lojas-valenca-quimica\/","name":"Lojas Valen\u00e7a Qu\u00edmica - Valen\u00e7a Qu\u00edmica","isPartOf":{"@id":"https:\/\/projetos.alineacomunicacao.com.br\/valencaquimica\/#website"},"datePublished":"2020-11-06T16:53:11+00:00","dateModified":"2020-11-10T18:31:30+00:00","breadcrumb":{"@id":"https:\/\/projetos.alineacomunicacao.com.br\/valencaquimica\/lojas-valenca-quimica\/#breadcrumb"},"inLanguage":"pt-BR","potentialAction":[{"@type":"ReadAction","target":["https:\/\/projetos.alineacomunicacao.com.br\/valencaquimica\/lojas-valenca-quimica\/"]}]},{"@type":"BreadcrumbList","@id":"https:\/\/projetos.alineacomunicacao.com.br\/valencaquimica\/lojas-valenca-quimica\/#breadcrumb","itemListElement":[{"@type":"ListItem","position":1,"name":"In\u00edcio","item":"https:\/\/projetos.alineacomunicacao.com.br\/valencaquimica\/"},{"@type":"ListItem","position":2,"name":"Lojas Valen\u00e7a Qu\u00edmica"}]},{"@type":"WebSite","@id":"https:\/\/projetos.alineacomunicacao.com.br\/valencaquimica\/#website","url":"https:\/\/projetos.alineacomunicacao.com.br\/valencaquimica\/","name":"Valen\u00e7a Qu\u00edmica","description":"Ind\u00fastria Qu\u00edmica em Recife","publisher":{"@id":"https:\/\/projetos.alineacomunicacao.com.br\/valencaquimica\/#organization"},"potentialAction":[{"@type":"SearchAction","target":{"@type":"EntryPoint","urlTemplate":"https:\/\/projetos.alineacomunicacao.com.br\/valencaquimica\/?s={search_term_string}"},"query-input":"required name=search_term_string"}],"inLanguage":"pt-BR"},{"@type":"Organization","@id":"https:\/\/projetos.alineacomunicacao.com.br\/valencaquimica\/#organization","name":"Valen\u00e7a Qu\u00edmica","url":"https:\/\/projetos.alineacomunicacao.com.br\/valencaquimica\/","logo":{"@type":"ImageObject","inLanguage":"pt-BR","@id":"https:\/\/projetos.alineacomunicacao.com.br\/valencaquimica\/#\/schema\/logo\/image\/","url":"https:\/\/projetos.alineacomunicacao.com.br\/valencaquimica\/wp-content\/uploads\/2020\/08\/LOGO-3D-VALENCA_1.png","contentUrl":"https:\/\/projetos.alineacomunicacao.com.br\/valencaquimica\/wp-content\/uploads\/2020\/08\/LOGO-3D-VALENCA_1.png","width":833,"height":532,"caption":"Valen\u00e7a Qu\u00edmica"},"image":{"@id":"https:\/\/projetos.alineacomunicacao.com.br\/valencaquimica\/#\/schema\/logo\/image\/"}}]}},"_links":{"self":[{"href":"https:\/\/projetos.alineacomunicacao.com.br\/valencaquimica\/wp-json\/wp\/v2\/pages\/424"}],"collection":[{"href":"https:\/\/projetos.alineacomunicacao.com.br\/valencaquimica\/wp-json\/wp\/v2\/pages"}],"about":[{"href":"https:\/\/projetos.alineacomunicacao.com.br\/valencaquimica\/wp-json\/wp\/v2\/types\/page"}],"author":[{"embeddable":true,"href":"https:\/\/projetos.alineacomunicacao.com.br\/valencaquimica\/wp-json\/wp\/v2\/users\/1"}],"replies":[{"embeddable":true,"href":"https:\/\/projetos.alineacomunicacao.com.br\/valencaquimica\/wp-json\/wp\/v2\/comments?post=424"}],"version-history":[{"count":0,"href":"https:\/\/projetos.alineacomunicacao.com.br\/valencaquimica\/wp-json\/wp\/v2\/pages\/424\/revisions"}],"wp:attachment":[{"href":"https:\/\/projetos.alineacomunicacao.com.br\/valencaquimica\/wp-json\/wp\/v2\/media?parent=424"}],"curies":[{"name":"wp","href":"https:\/\/api.w.org\/{rel}","templated":true}]}}