{"id":12,"date":"2025-12-09T15:35:25","date_gmt":"2025-12-09T15:35:25","guid":{"rendered":"https:\/\/projetos.alineacomunicacao.com.br\/studioalinea\/?page_id=12"},"modified":"2026-05-16T20:09:15","modified_gmt":"2026-05-16T20:09:15","slug":"sobre","status":"publish","type":"page","link":"https:\/\/projetos.alineacomunicacao.com.br\/studioalinea\/sobre\/","title":{"rendered":"Sobre"},"content":{"rendered":"\t\t<div data-elementor-type=\"wp-page\" data-elementor-id=\"12\" class=\"elementor elementor-12\" data-elementor-post-type=\"page\">\n\t\t\t\t<div class=\"elementor-element elementor-element-bba1a52 e-flex e-con-boxed e-con e-parent\" data-id=\"bba1a52\" data-element_type=\"container\" data-e-type=\"container\">\n\t\t\t\t\t<div class=\"e-con-inner\">\n\t\t<div class=\"elementor-element elementor-element-2af9266 e-con-full e-flex e-con e-child\" data-id=\"2af9266\" data-element_type=\"container\" data-e-type=\"container\">\n\t\t\t\t<\/div>\n\t\t<div class=\"elementor-element elementor-element-f9617d9 e-con-full e-flex e-con e-child\" data-id=\"f9617d9\" data-element_type=\"container\" data-e-type=\"container\">\n\t\t\t\t\t\t  \t<video\n    data-id=\"d34147f\" data-interaction-id=\"d34147f\"\n    data-e-type=\"e-self-hosted-video\" data-interactions=\"null\"\n    \n    class=\"e-self-hosted-video-base\"\n    data-e-type=\"widget\" data-id=\"d34147f\"\n\t\tclass=\"e-self-hosted-video-base\"\n\t\t\t\tautoplay\t\tmuted\t\tloop\t\t\t\t\t\tcontrolslist=\"nodownload\"\t\tpreload=\"metadata\"\n\t>\n\t\t<source src=\"https:\/\/projetos.alineacomunicacao.com.br\/studioalinea\/wp-content\/uploads\/2025\/12\/1209.mov#t=1\">\n\t<\/video>\n\t\t\t\t<\/div>\n\t\t\t\t\t<\/div>\n\t\t\t\t<\/div>\n\t\t<div class=\"elementor-element elementor-element-3df4fa3 e-flex e-con-boxed e-con e-parent\" data-id=\"3df4fa3\" data-element_type=\"container\" data-e-type=\"container\">\n\t\t\t\t\t<div class=\"e-con-inner\">\n\t\t<div class=\"elementor-element elementor-element-a3d1b3e e-con-full e-flex e-con e-child\" data-id=\"a3d1b3e\" data-element_type=\"container\" data-e-type=\"container\">\n\t\t\t\t\t\t\t\t<p class=\"e-c9d7223-5a54fd8 e-paragraph-base\" data-interaction-id=\"c9d7223\"  data-e-type=\"widget\" data-id=\"c9d7223\">\n\t\t\t\t\t\t\t\t_Prop\u00f3sito\n\t\t\t\t\t<\/p>\n\t\t\t\t<\/div>\n\t\t<div class=\"elementor-element elementor-element-691d336 e-con-full e-flex e-con e-child\" data-id=\"691d336\" data-element_type=\"container\" data-e-type=\"container\">\n\t\t\t\t\t\t\t<h2 \n\t\tdata-interaction-id=\"e2f8a87\" \n\t\tclass=\"e-e2f8a87-f5714c9 e-heading-base\" \n\t\t \n\t\tdata-e-type=\"widget\" data-id=\"e2f8a87\"\n\t>\n\t\n\t\t\t<strong id=\"e-mp5y0uyk-12dhumg\">Estrat\u00e9gia como base<\/strong>\n\t\t<\/h2>\n\t\t\t\t\t\t\t<h2 \n\t\tdata-interaction-id=\"e41b7aa\" \n\t\tclass=\"e-e41b7aa-76067b7 e-heading-base\" \n\t\t \n\t\tdata-e-type=\"widget\" data-id=\"e41b7aa\"\n\t>\n\t\n\t\t\tTodo projeto come\u00e7a com um posicionamento claro. A criatividade aqui tem dire\u00e7\u00e3o e inten\u00e7\u00e3o.\n\t\t<\/h2>\n\t\t\t\t<\/div>\n\t\t<div class=\"elementor-element elementor-element-20d3c35 e-con-full e-flex e-con e-child\" data-id=\"20d3c35\" data-element_type=\"container\" data-e-type=\"container\">\n\t\t\t\t\t\t\t<h2 \n\t\tdata-interaction-id=\"fc700f2\" \n\t\tclass=\"e-fc700f2-cbcb368 e-heading-base\" \n\t\t \n\t\tdata-e-type=\"widget\" data-id=\"fc700f2\"\n\t>\n\t\n\t\t\t<strong>Presen\u00e7a digital real<\/strong>\n\t\t<\/h2>\n\t\t\t\t\t\t\t<h2 \n\t\tdata-interaction-id=\"1827377\" \n\t\tclass=\"e-1827377-a3cba0c e-heading-base\" \n\t\t \n\t\tdata-e-type=\"widget\" data-id=\"1827377\"\n\t>\n\t\n\t\t\tMais de 10 anos construindo marcas no ambiente digital, de norte a sul do Brasil e al\u00e9m-fronteiras.\n\t\t<\/h2>\n\t\t\t\t<\/div>\n\t\t<div class=\"elementor-element elementor-element-6c739ff e-con-full e-flex e-con e-child\" data-id=\"6c739ff\" data-element_type=\"container\" data-e-type=\"container\">\n\t\t\t\t\t\t\t<h2 \n\t\tdata-interaction-id=\"0b5a2b8\" \n\t\tclass=\"e-0b5a2b8-76d8d8e e-heading-base\" \n\t\t \n\t\tdata-e-type=\"widget\" data-id=\"0b5a2b8\"\n\t>\n\t\n\t\t\t<strong id=\"e-mp5y361e-jen1s5i\">Identidade sob medida<\/strong>\n\t\t<\/h2>\n\t\t\t\t\t\t\t<h2 \n\t\tdata-interaction-id=\"ad59f81\" \n\t\tclass=\"e-ad59f81-9bcf01f e-heading-base\" \n\t\t \n\t\tdata-e-type=\"widget\" data-id=\"ad59f81\"\n\t>\n\t\n\t\t\tTodo projeto come\u00e7a com um posicionamento claro. A criatividade aqui tem dire\u00e7\u00e3o e inten\u00e7\u00e3o.\n\t\t<\/h2>\n\t\t\t\t<\/div>\n\t\t\t\t\t<\/div>\n\t\t\t\t<\/div>\n\t\t<div class=\"elementor-element elementor-element-8c2dd94 e-flex e-con-boxed e-con e-parent\" data-id=\"8c2dd94\" data-element_type=\"container\" data-e-type=\"container\">\n\t\t\t\t\t<div class=\"e-con-inner\">\n\t\t<div class=\"elementor-element elementor-element-a3f891a e-con-full e-flex e-con e-child\" data-id=\"a3f891a\" data-element_type=\"container\" data-e-type=\"container\">\n\t\t\t\t<\/div>\n\t\t<div class=\"elementor-element elementor-element-9c799e5 e-con-full e-flex e-con e-child\" data-id=\"9c799e5\" data-element_type=\"container\" data-e-type=\"container\">\n\t\t\t\t\t\t\t<h2 \n\t\tdata-interaction-id=\"05f0fbb\" \n\t\tclass=\"e-05f0fbb-a92c83e e-heading-base\" \n\t\t \n\t\tdata-e-type=\"widget\" data-id=\"05f0fbb\"\n\t>\n\t\n\t\t\t<strong>Aten\u00e7\u00e3o a cada detalhe<\/strong>\n\t\t<\/h2>\n\t\t\t\t\t\t\t<h2 \n\t\tdata-interaction-id=\"e3a41ef\" \n\t\tclass=\"e-e3a41ef-85b0769 e-heading-base\" \n\t\t \n\t\tdata-e-type=\"widget\" data-id=\"e3a41ef\"\n\t>\n\t\n\t\t\tDa paleta ao tom de voz, cada ponto de contato \u00e9 cuidadosamente pensado para refletir quem voc\u00ea \u00e9.\n\t\t<\/h2>\n\t\t\t\t<\/div>\n\t\t<div class=\"elementor-element elementor-element-13f4729 e-con-full e-flex e-con e-child\" data-id=\"13f4729\" data-element_type=\"container\" data-e-type=\"container\">\n\t\t\t\t\t\t\t<h2 \n\t\tdata-interaction-id=\"8362afa\" \n\t\tclass=\"e-8362afa-e314fb2 e-heading-base\" \n\t\t \n\t\tdata-e-type=\"widget\" data-id=\"8362afa\"\n\t>\n\t\n\t\t\t<strong>Vis\u00e3o multissetorial<\/strong>\n\t\t<\/h2>\n\t\t\t\t\t\t\t<h2 \n\t\tdata-interaction-id=\"808c19d\" \n\t\tclass=\"e-808c19d-8f2ec46 e-heading-base\" \n\t\t \n\t\tdata-e-type=\"widget\" data-id=\"808c19d\"\n\t>\n\t\n\t\t\tAtuamos em segmentos variados. Isso nos d\u00e1 uma perspectiva ampla e solu\u00e7\u00f5es que fogem do \u00f3bvio.\n\t\t<\/h2>\n\t\t\t\t<\/div>\n\t\t<div class=\"elementor-element elementor-element-a8f84ca e-con-full e-flex e-con e-child\" data-id=\"a8f84ca\" data-element_type=\"container\" data-e-type=\"container\">\n\t\t\t\t\t\t\t<h2 \n\t\tdata-interaction-id=\"434adb2\" \n\t\tclass=\"e-434adb2-5ae539e e-heading-base\" \n\t\t \n\t\tdata-e-type=\"widget\" data-id=\"434adb2\"\n\t>\n\t\n\t\t\t<strong>Agilidade com consist\u00eancia<\/strong>\n\t\t<\/h2>\n\t\t\t\t\t\t\t<h2 \n\t\tdata-interaction-id=\"8f5cae0\" \n\t\tclass=\"e-8f5cae0-fae19b2 e-heading-base\" \n\t\t \n\t\tdata-e-type=\"widget\" data-id=\"8f5cae0\"\n\t>\n\t\n\t\t\tEntregamos com qualidade dentro de prazos que fazem sentido para o seu neg\u00f3cio sem sacrificar resultado.\n\t\t<\/h2>\n\t\t\t\t<\/div>\n\t\t\t\t\t<\/div>\n\t\t\t\t<\/div>\n\t\t<div class=\"elementor-element elementor-element-27bcf4f e-flex e-con-boxed e-con e-parent\" data-id=\"27bcf4f\" data-element_type=\"container\" data-e-type=\"container\">\n\t\t\t\t\t<div class=\"e-con-inner\">\n\t\t\t\t<div class=\"elementor-element elementor-element-10f2f9c elementor-widget-divider--view-line elementor-widget elementor-widget-divider\" data-id=\"10f2f9c\" data-element_type=\"widget\" data-e-type=\"widget\" data-widget_type=\"divider.default\">\n\t\t\t\t\t\t\t<div class=\"elementor-divider\">\n\t\t\t<span class=\"elementor-divider-separator\">\n\t\t\t\t\t\t<\/span>\n\t\t<\/div>\n\t\t\t\t\t\t<\/div>\n\t\t\t\t\t<\/div>\n\t\t\t\t<\/div>\n\t\t<div class=\"elementor-element elementor-element-63444ae e-flex e-con-boxed e-con e-parent\" data-id=\"63444ae\" data-element_type=\"container\" data-e-type=\"container\" data-settings=\"{&quot;background_background&quot;:&quot;classic&quot;}\">\n\t\t\t\t\t<div class=\"e-con-inner\">\n\t\t<div class=\"elementor-element elementor-element-6d2aaa6 e-con-full e-flex e-con e-child\" data-id=\"6d2aaa6\" data-element_type=\"container\" data-e-type=\"container\">\n\t\t\t\t\t\t\t\t<p class=\"e-f1064a4-14778a7 e-paragraph-base\" data-interaction-id=\"f1064a4\"  data-e-type=\"widget\" data-id=\"f1064a4\">\n\t\t\t\t\t\t\t\t_Hist\u00f3ria\n\t\t\t\t\t<\/p>\n\t\t\t\t<\/div>\n\t\t<div class=\"elementor-element elementor-element-37c34e5 e-con-full e-flex e-con e-child\" data-id=\"37c34e5\" data-element_type=\"container\" data-e-type=\"container\">\n\t\t\t\t\t\t\t<h2 \n\t\tdata-interaction-id=\"b990568\" \n\t\tclass=\"e-b990568-d3be6af e-heading-base\" \n\t\t \n\t\tdata-e-type=\"widget\" data-id=\"b990568\"\n\t>\n\t\n\t\t\tDesde 2013, a Al\u00ednea transforma marcas em neg\u00f3cios mais fortes, relevantes e desejados no ambiente digital. <br><br>Mais do que uma ag\u00eancia de marketing, nos tornamos parceiros estrat\u00e9gicos de empresas que entendem que crescer exige presen\u00e7a, posicionamento e conex\u00e3o verdadeira com as pessoas. Acreditamos que marketing vai muito al\u00e9m de vender. \u00c9 sobre construir autoridade, despertar interesse, gerar valor e fazer marcas serem lembradas. <br><br>Ao longo da nossa trajet\u00f3ria, evolu\u00edmos junto com o mercado. Nos reinventamos constantemente, acompanhando mudan\u00e7as, tend\u00eancias e novas possibilidades do digital sem perder aquilo que sempre nos diferenciou: proximidade, flexibilidade e um atendimento genuinamente personalizado. <br><br>Somos movidos pelo prop\u00f3sito de simplificar o crescimento digital dos nossos clientes e transformar presen\u00e7a online em impacto real. Porque no final, n\u00e3o se trata apenas de marketing. Se trata de construir marcas que deixam marcas.\n\t\t<\/h2>\n\t\t\t\t<\/div>\n\t\t\t\t\t<\/div>\n\t\t\t\t<\/div>\n\t\t<div class=\"elementor-element elementor-element-1ca1368 e-flex e-con-boxed e-con e-parent\" data-id=\"1ca1368\" data-element_type=\"container\" data-e-type=\"container\" data-settings=\"{&quot;background_background&quot;:&quot;classic&quot;}\">\n\t\t\t\t\t<div class=\"e-con-inner\">\n\t\t<div class=\"elementor-element elementor-element-bde5248 e-con-full e-flex e-con e-child\" data-id=\"bde5248\" data-element_type=\"container\" data-e-type=\"container\">\n\t\t\t\t\t\t\t\t<p class=\"e-090e442-89bd415 e-paragraph-base\" data-interaction-id=\"090e442\"  data-e-type=\"widget\" data-id=\"090e442\">\n\t\t\t\t\t\t\t\t<strong>Pronto para transformar sua empresa?<\/strong>\n\t\t\t\t\t<\/p>\n\t\t\t\t<\/div>\n\t\t<div class=\"elementor-element elementor-element-db181ad e-con-full e-flex e-con e-child\" data-id=\"db181ad\" data-element_type=\"container\" data-e-type=\"container\">\n\t\t\t\t<div class=\"elementor-element elementor-element-e522c0a elementor-align-center elementor-widget elementor-widget-button\" data-id=\"e522c0a\" data-element_type=\"widget\" data-e-type=\"widget\" data-widget_type=\"button.default\">\n\t\t\t\t\t\t\t\t\t\t<a class=\"elementor-button elementor-button-link elementor-size-sm\" href=\"https:\/\/projetos.alineacomunicacao.com.br\/studioalinea\/contato\/\">\n\t\t\t\t\t\t<span class=\"elementor-button-content-wrapper\">\n\t\t\t\t\t\t<span class=\"elementor-button-icon\">\n\t\t\t\t<svg aria-hidden=\"true\" class=\"e-font-icon-svg e-fas-long-arrow-alt-right\" viewBox=\"0 0 448 512\" xmlns=\"http:\/\/www.w3.org\/2000\/svg\"><path d=\"M313.941 216H12c-6.627 0-12 5.373-12 12v56c0 6.627 5.373 12 12 12h301.941v46.059c0 21.382 25.851 32.09 40.971 16.971l86.059-86.059c9.373-9.373 9.373-24.569 0-33.941l-86.059-86.059c-15.119-15.119-40.971-4.411-40.971 16.971V216z\"><\/path><\/svg>\t\t\t<\/span>\n\t\t\t\t\t\t\t\t\t<span class=\"elementor-button-text\">Quero iniciar um projeto<\/span>\n\t\t\t\t\t<\/span>\n\t\t\t\t\t<\/a>\n\t\t\t\t\t\t\t\t<\/div>\n\t\t\t\t<\/div>\n\t\t\t\t\t<\/div>\n\t\t\t\t<\/div>\n\t\t\t\t<\/div>\n\t\t","protected":false},"excerpt":{"rendered":"<p>_Prop\u00f3sito Estrat\u00e9gia como base Todo projeto come\u00e7a com um posicionamento claro. A criatividade aqui tem dire\u00e7\u00e3o e inten\u00e7\u00e3o. Presen\u00e7a digital real Mais de 10 anos construindo marcas no ambiente digital, de norte a sul do Brasil e al\u00e9m-fronteiras. Identidade sob medida Todo projeto come\u00e7a com um posicionamento claro. A criatividade aqui tem dire\u00e7\u00e3o e inten\u00e7\u00e3o. [&hellip;]<\/p>\n","protected":false},"author":1,"featured_media":0,"parent":0,"menu_order":0,"comment_status":"closed","ping_status":"closed","template":"","meta":{"footnotes":""},"class_list":["post-12","page","type-page","status-publish","hentry"],"_links":{"self":[{"href":"https:\/\/projetos.alineacomunicacao.com.br\/studioalinea\/wp-json\/wp\/v2\/pages\/12","targetHints":{"allow":["GET"]}}],"collection":[{"href":"https:\/\/projetos.alineacomunicacao.com.br\/studioalinea\/wp-json\/wp\/v2\/pages"}],"about":[{"href":"https:\/\/projetos.alineacomunicacao.com.br\/studioalinea\/wp-json\/wp\/v2\/types\/page"}],"author":[{"embeddable":true,"href":"https:\/\/projetos.alineacomunicacao.com.br\/studioalinea\/wp-json\/wp\/v2\/users\/1"}],"replies":[{"embeddable":true,"href":"https:\/\/projetos.alineacomunicacao.com.br\/studioalinea\/wp-json\/wp\/v2\/comments?post=12"}],"version-history":[{"count":22,"href":"https:\/\/projetos.alineacomunicacao.com.br\/studioalinea\/wp-json\/wp\/v2\/pages\/12\/revisions"}],"predecessor-version":[{"id":62991,"href":"https:\/\/projetos.alineacomunicacao.com.br\/studioalinea\/wp-json\/wp\/v2\/pages\/12\/revisions\/62991"}],"wp:attachment":[{"href":"https:\/\/projetos.alineacomunicacao.com.br\/studioalinea\/wp-json\/wp\/v2\/media?parent=12"}],"curies":[{"name":"wp","href":"https:\/\/api.w.org\/{rel}","templated":true}]}}